{"id":25,"date":"2021-09-03T11:40:58","date_gmt":"2021-09-03T11:40:58","guid":{"rendered":"https:\/\/www.grupboix.com\/?page_id=25"},"modified":"2024-03-19T09:47:41","modified_gmt":"2024-03-19T08:47:41","slug":"contacto","status":"publish","type":"page","link":"https:\/\/www.grupboix.com\/es\/contacto\/","title":{"rendered":"Contacto"},"content":{"rendered":"<div class=\"wpb-content-wrapper\"><p>[vc_row el_class=\u00bbsection-contactar-texto\u00bb][vc_column el_class=\u00bbcontainer\u00bb][vc_row_inner][vc_column_inner width=\u00bb1\/4&#8243;][vc_column_text]General<\/p>\n<p>grupboix@grupboix.com[\/vc_column_text][\/vc_column_inner][vc_column_inner width=\u00bb1\/4&#8243;][vc_column_text]Comercial<\/p>\n<p>comercial@grupboix.com[\/vc_column_text][\/vc_column_inner][vc_column_inner width=\u00bb1\/4&#8243;][vc_column_text]Forestal<\/p>\n<p>forestals@grupboix.com[\/vc_column_text][\/vc_column_inner][vc_column_inner width=\u00bb1\/4&#8243;][vc_column_text]Env\u00eda tu curr\u00edculum<\/p>\n<p>rrhh@grupboix.com[\/vc_column_text][\/vc_column_inner][\/vc_row_inner][\/vc_column][\/vc_row][vc_row full_width=\u00bbstretch_row\u00bb parallax=\u00bbcontent-moving\u00bb parallax_image=\u00bb174&#8243; el_class=\u00bbsection-formulario\u00bb][vc_column el_class=\u00bbcontainer\u00bb][vc_column_text][\/vc_column_text][\/vc_column][\/vc_row][vc_row el_class=\u00bbsection-contactar-texto section-contactar-mapa\u00bb][vc_column el_class=\u00bbcontainer\u00bb][vc_row_inner][vc_column_inner width=\u00bb1\/2&#8243;][vc_column_text]    <div class=\"section-title \">\n      <h2>  Donde estamos<\/h2>\n          <\/div>\n<p>Ctra. C-16, Km. 81, Pol\u00edgon Industrial El Saltet<br \/>\n08692 PUIG-REIG<br \/>\nBarcelona<\/p>\n    <div class=\"section-title \">\n      <h2>  Registro de visitas<\/h2>\n          <\/div>\n\n<p><span class=\"ui-provider a b c d e f g h i j k l m n o p q r s t u v w x y z ab ac ae af ag ah ai aj ak\" dir=\"ltr\">El siguente link permite que las personas con previa autoritzaci\u00f3n de visita puedan hacer el registro de datos personales.<\/span><\/p>\n<p><strong>\u21aa <a href=\"https:\/\/forms.office.com\/Pages\/ResponsePage.aspx?id=ewDExChY7Ee8x1C6QxJytma854HRuCxDk4caIs4eKstUOThUWTZJT1UySERPQkwyWEFEODJEWDFUTS4u\">Registro de visitas<\/a><\/strong>[\/vc_column_text][\/vc_column_inner][vc_column_inner el_class=\u00bbcol-mapa\u00bb width=\u00bb1\/2&#8243;][vc_column_text css=\u00bb.vc_custom_1647019757650{margin-top: 20px !important;margin-bottom: 20px !important;}\u00bb]<iframe loading=\"lazy\" style=\"border: 0;\" src=\"https:\/\/www.google.com\/maps\/embed?pb=!1m14!1m8!1m3!1d11867.435446226258!2d1.8843672!3d41.9603665!3m2!1i1024!2i768!4f13.1!3m3!1m2!1s0x0%3A0xaae814343d98824!2sSerradora%20Boix!5e0!3m2!1ses!2ses!4v1632823149788!5m2!1ses!2ses\" width=\"100%\" height=\"370\" allowfullscreen=\"allowfullscreen\"><span data-mce-type=\"bookmark\" style=\"display: inline-block; width: 0px; overflow: hidden; line-height: 0;\" class=\"mce_SELRES_start\">\ufeff<\/span><\/iframe>[\/vc_column_text][\/vc_column_inner][\/vc_row_inner][\/vc_column][\/vc_row][vc_row][vc_column][vc_separator color=\u00bbwhite\u00bb][\/vc_column][\/vc_row]<\/p>\n<\/div>","protected":false},"excerpt":{"rendered":"<p>[vc_row el_class=\u00bbsection-contactar-texto\u00bb][vc_column el_class=\u00bbcontainer\u00bb][vc_row_inner][vc_column_inner width=\u00bb1\/4&#8243;][vc_column_text]General grupboix@grupboix.com[\/vc_column_text][\/vc_column_inner][vc_column_inner width=\u00bb1\/4&#8243;][vc_column_text]Comercial comercial@grupboix.com[\/vc_column_text][\/vc_column_inner][vc_column_inner width=\u00bb1\/4&#8243;][vc_column_text]Forestal forestals@grupboix.com[\/vc_column_text][\/vc_column_inner][vc_column_inner width=\u00bb1\/4&#8243;][vc_column_text]Env\u00eda tu curr\u00edculum rrhh@grupboix.com[\/vc_column_text][\/vc_column_inner][\/vc_row_inner][\/vc_column][\/vc_row][vc_row full_width=\u00bbstretch_row\u00bb parallax=\u00bbcontent-moving\u00bb parallax_image=\u00bb174&#8243; el_class=\u00bbsection-formulario\u00bb][vc_column el_class=\u00bbcontainer\u00bb][vc_column_text][\/vc_column_text][\/vc_column][\/vc_row][vc_row el_class=\u00bbsection-contactar-texto section-contactar-mapa\u00bb][vc_column el_class=\u00bbcontainer\u00bb][vc_row_inner][vc_column_inner width=\u00bb1\/2&#8243;][vc_column_text] Ctra. C-16, Km. 81, Pol\u00edgon Industrial El Saltet 08692 PUIG-REIG Barcelona El siguente link permite que las personas con previa autoritzaci\u00f3n de visita puedan hacer el registro de datos personales. \u21aa Registro de [&hellip;]<\/p>\n","protected":false},"author":3,"featured_media":0,"parent":0,"menu_order":0,"comment_status":"closed","ping_status":"closed","template":"","meta":{"footnotes":""},"class_list":["post-25","page","type-page","status-publish","hentry"],"yoast_head":"<!-- This site is optimized with the Yoast SEO plugin v27.4 - https:\/\/yoast.com\/product\/yoast-seo-wordpress\/ -->\n<title>Contacto - Grup Boix<\/title>\n<meta name=\"robots\" content=\"index, follow, max-snippet:-1, max-image-preview:large, max-video-preview:-1\" \/>\n<link rel=\"canonical\" href=\"https:\/\/www.grupboix.com\/es\/contacto\/\" \/>\n<meta property=\"og:locale\" content=\"es_ES\" \/>\n<meta property=\"og:type\" content=\"article\" \/>\n<meta property=\"og:title\" content=\"Contacto - Grup Boix\" \/>\n<meta property=\"og:description\" content=\"[vc_row el_class=\u00bbsection-contactar-texto\u00bb][vc_column el_class=\u00bbcontainer\u00bb][vc_row_inner][vc_column_inner width=\u00bb1\/4&#8243;][vc_column_text]General grupboix@grupboix.com[\/vc_column_text][\/vc_column_inner][vc_column_inner width=\u00bb1\/4&#8243;][vc_column_text]Comercial comercial@grupboix.com[\/vc_column_text][\/vc_column_inner][vc_column_inner width=\u00bb1\/4&#8243;][vc_column_text]Forestal forestals@grupboix.com[\/vc_column_text][\/vc_column_inner][vc_column_inner width=\u00bb1\/4&#8243;][vc_column_text]Env\u00eda tu curr\u00edculum rrhh@grupboix.com[\/vc_column_text][\/vc_column_inner][\/vc_row_inner][\/vc_column][\/vc_row][vc_row full_width=\u00bbstretch_row\u00bb parallax=\u00bbcontent-moving\u00bb parallax_image=\u00bb174&#8243; el_class=\u00bbsection-formulario\u00bb][vc_column el_class=\u00bbcontainer\u00bb][vc_column_text][\/vc_column_text][\/vc_column][\/vc_row][vc_row el_class=\u00bbsection-contactar-texto section-contactar-mapa\u00bb][vc_column el_class=\u00bbcontainer\u00bb][vc_row_inner][vc_column_inner width=\u00bb1\/2&#8243;][vc_column_text] Ctra. C-16, Km. 81, Pol\u00edgon Industrial El Saltet 08692 PUIG-REIG Barcelona El siguente link permite que las personas con previa autoritzaci\u00f3n de visita puedan hacer el registro de datos personales. \u21aa Registro de [&hellip;]\" \/>\n<meta property=\"og:url\" content=\"https:\/\/www.grupboix.com\/es\/contacto\/\" \/>\n<meta property=\"og:site_name\" content=\"Grup Boix\" \/>\n<meta property=\"article:publisher\" content=\"https:\/\/www.facebook.com\/serradoraboix\" \/>\n<meta property=\"article:modified_time\" content=\"2024-03-19T08:47:41+00:00\" \/>\n<meta property=\"og:image\" content=\"https:\/\/www.grupboix.com\/wp-content\/uploads\/2021\/11\/fb-share.png\" \/>\n\t<meta property=\"og:image:width\" content=\"1200\" \/>\n\t<meta property=\"og:image:height\" content=\"630\" \/>\n\t<meta property=\"og:image:type\" content=\"image\/png\" \/>\n<meta name=\"twitter:card\" content=\"summary_large_image\" \/>\n<meta name=\"twitter:site\" content=\"@serradoraboix\" \/>\n<meta name=\"twitter:label1\" content=\"Tiempo de lectura\" \/>\n\t<meta name=\"twitter:data1\" content=\"1 minuto\" \/>\n<script type=\"application\/ld+json\" class=\"yoast-schema-graph\">{\"@context\":\"https:\\\/\\\/schema.org\",\"@graph\":[{\"@type\":\"WebPage\",\"@id\":\"https:\\\/\\\/www.grupboix.com\\\/es\\\/contacto\\\/\",\"url\":\"https:\\\/\\\/www.grupboix.com\\\/es\\\/contacto\\\/\",\"name\":\"Contacto - Grup Boix\",\"isPartOf\":{\"@id\":\"https:\\\/\\\/www.grupboix.com\\\/#website\"},\"datePublished\":\"2021-09-03T11:40:58+00:00\",\"dateModified\":\"2024-03-19T08:47:41+00:00\",\"inLanguage\":\"es\",\"potentialAction\":[{\"@type\":\"ReadAction\",\"target\":[\"https:\\\/\\\/www.grupboix.com\\\/es\\\/contacto\\\/\"]}]},{\"@type\":\"WebSite\",\"@id\":\"https:\\\/\\\/www.grupboix.com\\\/#website\",\"url\":\"https:\\\/\\\/www.grupboix.com\\\/\",\"name\":\"Grup Boix\",\"description\":\"Fusta avui, bosc per sempre! Assegurar la protecci\u00f3, la regeneraci\u00f3 i la superviv\u00e8ncia dels boscos per millorar la seva capacitat d\u2019adaptaci\u00f3 i mantenir la biodiversitat\",\"potentialAction\":[{\"@type\":\"SearchAction\",\"target\":{\"@type\":\"EntryPoint\",\"urlTemplate\":\"https:\\\/\\\/www.grupboix.com\\\/?s={search_term_string}\"},\"query-input\":{\"@type\":\"PropertyValueSpecification\",\"valueRequired\":true,\"valueName\":\"search_term_string\"}}],\"inLanguage\":\"es\"}]}<\/script>\n<!-- \/ Yoast SEO plugin. -->","yoast_head_json":{"title":"Contacto - Grup Boix","robots":{"index":"index","follow":"follow","max-snippet":"max-snippet:-1","max-image-preview":"max-image-preview:large","max-video-preview":"max-video-preview:-1"},"canonical":"https:\/\/www.grupboix.com\/es\/contacto\/","og_locale":"es_ES","og_type":"article","og_title":"Contacto - Grup Boix","og_description":"[vc_row el_class=\u00bbsection-contactar-texto\u00bb][vc_column el_class=\u00bbcontainer\u00bb][vc_row_inner][vc_column_inner width=\u00bb1\/4&#8243;][vc_column_text]General grupboix@grupboix.com[\/vc_column_text][\/vc_column_inner][vc_column_inner width=\u00bb1\/4&#8243;][vc_column_text]Comercial comercial@grupboix.com[\/vc_column_text][\/vc_column_inner][vc_column_inner width=\u00bb1\/4&#8243;][vc_column_text]Forestal forestals@grupboix.com[\/vc_column_text][\/vc_column_inner][vc_column_inner width=\u00bb1\/4&#8243;][vc_column_text]Env\u00eda tu curr\u00edculum rrhh@grupboix.com[\/vc_column_text][\/vc_column_inner][\/vc_row_inner][\/vc_column][\/vc_row][vc_row full_width=\u00bbstretch_row\u00bb parallax=\u00bbcontent-moving\u00bb parallax_image=\u00bb174&#8243; el_class=\u00bbsection-formulario\u00bb][vc_column el_class=\u00bbcontainer\u00bb][vc_column_text][\/vc_column_text][\/vc_column][\/vc_row][vc_row el_class=\u00bbsection-contactar-texto section-contactar-mapa\u00bb][vc_column el_class=\u00bbcontainer\u00bb][vc_row_inner][vc_column_inner width=\u00bb1\/2&#8243;][vc_column_text] Ctra. C-16, Km. 81, Pol\u00edgon Industrial El Saltet 08692 PUIG-REIG Barcelona El siguente link permite que las personas con previa autoritzaci\u00f3n de visita puedan hacer el registro de datos personales. \u21aa Registro de [&hellip;]","og_url":"https:\/\/www.grupboix.com\/es\/contacto\/","og_site_name":"Grup Boix","article_publisher":"https:\/\/www.facebook.com\/serradoraboix","article_modified_time":"2024-03-19T08:47:41+00:00","og_image":[{"width":1200,"height":630,"url":"https:\/\/www.grupboix.com\/wp-content\/uploads\/2021\/11\/fb-share.png","type":"image\/png"}],"twitter_card":"summary_large_image","twitter_site":"@serradoraboix","twitter_misc":{"Tiempo de lectura":"1 minuto"},"schema":{"@context":"https:\/\/schema.org","@graph":[{"@type":"WebPage","@id":"https:\/\/www.grupboix.com\/es\/contacto\/","url":"https:\/\/www.grupboix.com\/es\/contacto\/","name":"Contacto - Grup Boix","isPartOf":{"@id":"https:\/\/www.grupboix.com\/#website"},"datePublished":"2021-09-03T11:40:58+00:00","dateModified":"2024-03-19T08:47:41+00:00","inLanguage":"es","potentialAction":[{"@type":"ReadAction","target":["https:\/\/www.grupboix.com\/es\/contacto\/"]}]},{"@type":"WebSite","@id":"https:\/\/www.grupboix.com\/#website","url":"https:\/\/www.grupboix.com\/","name":"Grup Boix","description":"Fusta avui, bosc per sempre! Assegurar la protecci\u00f3, la regeneraci\u00f3 i la superviv\u00e8ncia dels boscos per millorar la seva capacitat d\u2019adaptaci\u00f3 i mantenir la biodiversitat","potentialAction":[{"@type":"SearchAction","target":{"@type":"EntryPoint","urlTemplate":"https:\/\/www.grupboix.com\/?s={search_term_string}"},"query-input":{"@type":"PropertyValueSpecification","valueRequired":true,"valueName":"search_term_string"}}],"inLanguage":"es"}]}},"_links":{"self":[{"href":"https:\/\/www.grupboix.com\/es\/wp-json\/wp\/v2\/pages\/25","targetHints":{"allow":["GET"]}}],"collection":[{"href":"https:\/\/www.grupboix.com\/es\/wp-json\/wp\/v2\/pages"}],"about":[{"href":"https:\/\/www.grupboix.com\/es\/wp-json\/wp\/v2\/types\/page"}],"author":[{"embeddable":true,"href":"https:\/\/www.grupboix.com\/es\/wp-json\/wp\/v2\/users\/3"}],"replies":[{"embeddable":true,"href":"https:\/\/www.grupboix.com\/es\/wp-json\/wp\/v2\/comments?post=25"}],"version-history":[{"count":37,"href":"https:\/\/www.grupboix.com\/es\/wp-json\/wp\/v2\/pages\/25\/revisions"}],"predecessor-version":[{"id":2474,"href":"https:\/\/www.grupboix.com\/es\/wp-json\/wp\/v2\/pages\/25\/revisions\/2474"}],"wp:attachment":[{"href":"https:\/\/www.grupboix.com\/es\/wp-json\/wp\/v2\/media?parent=25"}],"curies":[{"name":"wp","href":"https:\/\/api.w.org\/{rel}","templated":true}]}}