{"id":1916,"date":"2022-09-06T16:40:25","date_gmt":"2022-09-06T14:40:25","guid":{"rendered":"https:\/\/www.grupboix.com\/pla-igualtat\/"},"modified":"2024-12-02T13:27:39","modified_gmt":"2024-12-02T12:27:39","slug":"pla-igualtat","status":"publish","type":"page","link":"https:\/\/www.grupboix.com\/es\/pla-igualtat\/","title":{"rendered":"Empresa responsable"},"content":{"rendered":"<div class=\"wpb-content-wrapper\"><p>[vc_row el_class=\u00bbimg-block-container section-imagen-left section-green\u00bb][vc_column el_class=\u00bbcontainer\u00bb][vc_row_inner][vc_column_inner el_class=\u00bbcolumna-imagen\u00bb width=\u00bb1\/2&#8243;][vc_single_image image=\u00bb1793&#8243; img_size=\u00bbfull\u00bb][\/vc_column_inner][vc_column_inner el_class=\u00bbcol-historia\u00bb width=\u00bb1\/2&#8243;][vc_column_text]    <div class=\"section-title titulo-principal\">\n      <h2>  Plan de igualdad a Grup Boix<\/h2>\n          <\/div>\n<p>De acuerdo con la definici\u00f3n del principio que estableze la Ley Org\u00e1nica 3\/2007, de 22 de marzo, para la igualdad efectiva entre mujeres y hombres, modificada per el Real decreto ley 6\/2019, de 1 de marzo, de mesuras urgentes para la garantia de la igualdad de trato i oprtunidades entre mujeres y hombres al trabajo, Grup Boix ha elaborado este plan de igualdad para garantir el trto por igual entre trabajadores i trabajadoras de la empresa.<\/p>\n<p>\u21aa <a href=\"https:\/\/www.grupboix.com\/wp-content\/uploads\/2022\/09\/comunicat-oficial-pla-igualtat.pdf\" target=\"_blank\" rel=\"noopener\">Plan de Igualtad de Grup Boix [PDF, 132 kB]<\/a>[\/vc_column_text][\/vc_column_inner][\/vc_row_inner][\/vc_column][\/vc_row][vc_row el_class=\u00bbimg-block-container section-imagen-left section-green\u00bb][vc_column el_class=\u00bbcontainer\u00bb][vc_row_inner][vc_column_inner el_class=\u00bbcol-historia\u00bb width=\u00bb1\/2&#8243;][vc_column_text css=\u00bb\u00bb]    <div class=\"section-title titulo-principal\">\n      <h2>  Pol\u00edtica de Sistema Integrado<\/h2>\n          <\/div>\n<p>Grup Boix tiene como objetivo contribuir en la prevenci\u00f3n y cura del medio ambiente gestionando con la m\u00e1xima calidad la actividad del serrado de la madera y la producci\u00f3n de palets.<\/p>\n<p>\u21aa<a href=\"https:\/\/www.grupboix.com\/wp-content\/uploads\/2024\/10\/politica-de-sistema-integrat_grup-boix.pdf\"> Pol\u00edtica de Sistema Integrado [PDF, 332kB]<\/a>[\/vc_column_text][\/vc_column_inner][vc_column_inner width=\u00bb1\/2&#8243;][vc_single_image image=\u00bb1790&#8243; img_size=\u00bbfull\u00bb][\/vc_column_inner][\/vc_row_inner][\/vc_column][\/vc_row][vc_row el_class=\u00bbimg-block-container section-imagen-left section-green\u00bb][vc_column el_class=\u00bbcontainer\u00bb][vc_row_inner][vc_column_inner el_class=\u00bbcol-historia\u00bb width=\u00bb1\/2&#8243;][vc_single_image image=\u00bb2274&#8243; img_size=\u00bbfull\u00bb onclick=\u00bbcustom_link\u00bb link=\u00bbhttps:\/\/www.fundacioimpulsa.org\/\u00bb][\/vc_column_inner][vc_column_inner width=\u00bb1\/2&#8243;][vc_column_text]    <div class=\"section-title titulo-principal\">\n      <h2>  Empresa comprometida con las oportunidades de los j\u00f3venes<\/h2>\n          <\/div>\n<p>Grup Boix recibi\u00f3 la marca de Fundaci\u00f3n Impulsa, que distingue la empresa por el compromiso con las oportunidades de los j\u00f3venes.[\/vc_column_text][\/vc_column_inner][\/vc_row_inner][\/vc_column][\/vc_row][vc_row el_class=\u00bbimg-block-container section-imagen-left section-green\u00bb][vc_column el_class=\u00bbcontainer\u00bb][vc_row_inner][vc_column_inner width=\u00bb1\/2&#8243;][vc_column_text css=\u00bb\u00bb]    <div class=\"section-title titulo-principal\">\n      <h2>  Canal \u00c9tico<\/h2>\n          <\/div>\n<p><strong>\u00a1Hola!<\/strong><\/p>\n<p>Bienvenido al Canal de Denuncias de Serradora Boix (en adelante, SB).<\/p>\n<p><strong>\u00bfQu\u00e9 es?<\/strong><\/p>\n<p>Este Canal es una herramienta mediante la cual se puede denunciar o informar a SB sobre conductas delictivas, infracciones administrativas o el incumplimiento de una norma que tenga afectaci\u00f3n sobre la compa\u00f1\u00eda.<\/p>\n<p>En caso de querer notificar asuntos relativos a la calidad de los servicios ofrecidos por SB o bien consultar dudas sobre los mismos, debes dirigirte a la siguiente direcci\u00f3n: <a href=\"mailto:grupboix@grupboix.com\">grupboix@grupboix.com<\/a>.<\/p>\n<p><strong>\u00bfC\u00f3mo funciona?<\/strong><\/p>\n<p>A trav\u00e9s de esta plataforma puedes enviarnos tu denuncia. La informaci\u00f3n que nos facilites ser\u00e1 tratada de manera confidencial y, en caso de que as\u00ed lo elijas, tambi\u00e9n an\u00f3nima. Si bien os animamos a la presentaci\u00f3n de la denuncia de forma identificada, pues facilita una gesti\u00f3n m\u00e1s eficiente de la misma.<\/p>\n<p>Una vez recibamos tu comunicaci\u00f3n seguiremos estos pasos: recepci\u00f3n de la comunicaci\u00f3n, an\u00e1lisis previo de la misma, investigaci\u00f3n, en su caso, de los hechos explicados y emisi\u00f3n de un informe final de conclusiones. Ser\u00e1s informado puntualmente de la marcha del procedimiento durante el cual se respetar\u00e1n los derechos y deberes reconocidos a las personas que puedan estar afectadas por los hechos comunicados.<\/p>\n<p>Los datos que nos sean facilitados ser\u00e1n \u00fanicamente accesibles por el \u00f3rgano Responsable del Canal de Denuncias (Sra. Mar Jim\u00e9nez y el Sr. Josep Maria Picas) y, excepcionalmente, por aquellas personas cuyo conocimiento sea necesario para una correcta gesti\u00f3n de la denuncia recibida.<\/p>\n<p>En ning\u00fan caso ser\u00e1 comunicada la identidad de la persona denunciante a ning\u00fan tercero, con la posible excepci\u00f3n de tener que atender un requerimiento judicial o de una autoridad.<\/p>\n<p>Te informaremos tambi\u00e9n que ning\u00fan usuario de buena fe del canal podr\u00e1 sufrir ning\u00fan tipo de represalia como consecuencia de su uso.<\/p>\n<p>Ten presente que solo nos tienes que facilitar datos personales necesarios para la tramitaci\u00f3n de la denuncia.<\/p>\n<p>Si bien este Canal de Denuncias es de uso preferente, finalmente ponemos tambi\u00e9n en tu conocimiento que, en caso de querer denunciar una conducta delictiva o una infracci\u00f3n administrativa grave o muy grave, puedes tambi\u00e9n dirigir tu denuncia a la Oficina Antifraude de Catalu\u00f1a a trav\u00e9s de su p\u00e1gina web.<\/p>\n<p><strong>\u00a1Gracias!<\/strong><\/p>\n<p>Te damos las gracias por tu colaboraci\u00f3n.<\/p>\n<p>[Si observas que esta plataforma no funciona correctamente, por favor, notif\u00edcalo inmediatamente al correo <a href=\"mailto:grupboix@grupboix.com\">grupboix@grupboix.com<\/a>. para que podamos solventarlo lo antes posible].<\/p>\n<p>\u21aa <a href=\"https:\/\/app.sesametime.com\/complaint\/9e929e20-e302-498a-85ac-bf614afac92b?sesameRegion=EU2\">https:\/\/app.sesametime.com\/complaint\/9e929e20-e302-498a-85ac-bf614afac92b?sesameRegion=EU2<\/a>[\/vc_column_text][\/vc_column_inner][vc_column_inner width=\u00bb1\/2&#8243;][vc_single_image image=\u00bb354&#8243; img_size=\u00bbfull\u00bb][\/vc_column_inner][\/vc_row_inner][\/vc_column][\/vc_row]<\/p>\n<\/div>","protected":false},"excerpt":{"rendered":"<p>[vc_row el_class=\u00bbimg-block-container section-imagen-left section-green\u00bb][vc_column el_class=\u00bbcontainer\u00bb][vc_row_inner][vc_column_inner el_class=\u00bbcolumna-imagen\u00bb width=\u00bb1\/2&#8243;][vc_single_image image=\u00bb1793&#8243; img_size=\u00bbfull\u00bb][\/vc_column_inner][vc_column_inner el_class=\u00bbcol-historia\u00bb width=\u00bb1\/2&#8243;][vc_column_text] De acuerdo con la definici\u00f3n del principio que estableze la Ley Org\u00e1nica 3\/2007, de 22 de marzo, para la igualdad efectiva entre mujeres y hombres, modificada per el Real decreto ley 6\/2019, de 1 de marzo, de mesuras urgentes para la garantia de la [&hellip;]<\/p>\n","protected":false},"author":3,"featured_media":0,"parent":0,"menu_order":0,"comment_status":"closed","ping_status":"closed","template":"","meta":{"footnotes":""},"class_list":["post-1916","page","type-page","status-publish","hentry"],"yoast_head":"<!-- This site is optimized with the Yoast SEO plugin v27.4 - https:\/\/yoast.com\/product\/yoast-seo-wordpress\/ -->\n<title>Empresa responsable - Grup Boix<\/title>\n<meta name=\"description\" content=\"Garantizar la igualdad de trato entre sexos y representar el objectivo social son acciones activas de Grup Boix.\" \/>\n<meta name=\"robots\" content=\"index, follow, max-snippet:-1, max-image-preview:large, max-video-preview:-1\" \/>\n<link rel=\"canonical\" href=\"https:\/\/www.grupboix.com\/es\/pla-igualtat\/\" \/>\n<meta property=\"og:locale\" content=\"es_ES\" \/>\n<meta property=\"og:type\" content=\"article\" \/>\n<meta property=\"og:title\" content=\"Pla d&#039;igualtat a Grup Boix\" \/>\n<meta property=\"og:description\" content=\"Grup Boix ha redactat aquest Pla d&#039;igualtat per garantir el tracte igual entre els treballadors i treballadores de l&#039;empresa.\" \/>\n<meta property=\"og:url\" content=\"https:\/\/www.grupboix.com\/es\/pla-igualtat\/\" \/>\n<meta property=\"og:site_name\" content=\"Grup Boix\" \/>\n<meta property=\"article:publisher\" content=\"https:\/\/www.facebook.com\/serradoraboix\" \/>\n<meta property=\"article:modified_time\" content=\"2024-12-02T12:27:39+00:00\" \/>\n<meta property=\"og:image\" content=\"https:\/\/www.grupboix.com\/wp-content\/uploads\/2022\/09\/plaigualtat.jpg\" \/>\n\t<meta property=\"og:image:width\" content=\"1200\" \/>\n\t<meta property=\"og:image:height\" content=\"800\" \/>\n\t<meta property=\"og:image:type\" content=\"image\/jpeg\" \/>\n<meta name=\"twitter:card\" content=\"summary_large_image\" \/>\n<meta name=\"twitter:title\" content=\"Pla d&#039;igualtat a Grup Boix\" \/>\n<meta name=\"twitter:description\" content=\"Grup Boix ha redactat aquest Pla d&#039;igualtat per garantir el tracte igual entre els treballadors i treballadores de l&#039;empresa.\" \/>\n<meta name=\"twitter:image\" content=\"https:\/\/www.grupboix.com\/wp-content\/uploads\/2022\/09\/plaigualtat.jpg\" \/>\n<meta name=\"twitter:site\" content=\"@serradoraboix\" \/>\n<meta name=\"twitter:label1\" content=\"Tiempo de lectura\" \/>\n\t<meta name=\"twitter:data1\" content=\"3 minutos\" \/>\n<script type=\"application\/ld+json\" class=\"yoast-schema-graph\">{\"@context\":\"https:\\\/\\\/schema.org\",\"@graph\":[{\"@type\":\"WebPage\",\"@id\":\"https:\\\/\\\/www.grupboix.com\\\/es\\\/pla-igualtat\\\/\",\"url\":\"https:\\\/\\\/www.grupboix.com\\\/es\\\/pla-igualtat\\\/\",\"name\":\"Empresa responsable - Grup Boix\",\"isPartOf\":{\"@id\":\"https:\\\/\\\/www.grupboix.com\\\/#website\"},\"datePublished\":\"2022-09-06T14:40:25+00:00\",\"dateModified\":\"2024-12-02T12:27:39+00:00\",\"description\":\"Garantizar la igualdad de trato entre sexos y representar el objectivo social son acciones activas de Grup Boix.\",\"inLanguage\":\"es\",\"potentialAction\":[{\"@type\":\"ReadAction\",\"target\":[\"https:\\\/\\\/www.grupboix.com\\\/es\\\/pla-igualtat\\\/\"]}]},{\"@type\":\"WebSite\",\"@id\":\"https:\\\/\\\/www.grupboix.com\\\/#website\",\"url\":\"https:\\\/\\\/www.grupboix.com\\\/\",\"name\":\"Grup Boix\",\"description\":\"Fusta avui, bosc per sempre! Assegurar la protecci\u00f3, la regeneraci\u00f3 i la superviv\u00e8ncia dels boscos per millorar la seva capacitat d\u2019adaptaci\u00f3 i mantenir la biodiversitat\",\"potentialAction\":[{\"@type\":\"SearchAction\",\"target\":{\"@type\":\"EntryPoint\",\"urlTemplate\":\"https:\\\/\\\/www.grupboix.com\\\/?s={search_term_string}\"},\"query-input\":{\"@type\":\"PropertyValueSpecification\",\"valueRequired\":true,\"valueName\":\"search_term_string\"}}],\"inLanguage\":\"es\"}]}<\/script>\n<!-- \/ Yoast SEO plugin. -->","yoast_head_json":{"title":"Empresa responsable - Grup Boix","description":"Garantizar la igualdad de trato entre sexos y representar el objectivo social son acciones activas de Grup Boix.","robots":{"index":"index","follow":"follow","max-snippet":"max-snippet:-1","max-image-preview":"max-image-preview:large","max-video-preview":"max-video-preview:-1"},"canonical":"https:\/\/www.grupboix.com\/es\/pla-igualtat\/","og_locale":"es_ES","og_type":"article","og_title":"Pla d'igualtat a Grup Boix","og_description":"Grup Boix ha redactat aquest Pla d'igualtat per garantir el tracte igual entre els treballadors i treballadores de l'empresa.","og_url":"https:\/\/www.grupboix.com\/es\/pla-igualtat\/","og_site_name":"Grup Boix","article_publisher":"https:\/\/www.facebook.com\/serradoraboix","article_modified_time":"2024-12-02T12:27:39+00:00","og_image":[{"width":1200,"height":800,"url":"https:\/\/www.grupboix.com\/wp-content\/uploads\/2022\/09\/plaigualtat.jpg","type":"image\/jpeg"}],"twitter_card":"summary_large_image","twitter_title":"Pla d'igualtat a Grup Boix","twitter_description":"Grup Boix ha redactat aquest Pla d'igualtat per garantir el tracte igual entre els treballadors i treballadores de l'empresa.","twitter_image":"https:\/\/www.grupboix.com\/wp-content\/uploads\/2022\/09\/plaigualtat.jpg","twitter_site":"@serradoraboix","twitter_misc":{"Tiempo de lectura":"3 minutos"},"schema":{"@context":"https:\/\/schema.org","@graph":[{"@type":"WebPage","@id":"https:\/\/www.grupboix.com\/es\/pla-igualtat\/","url":"https:\/\/www.grupboix.com\/es\/pla-igualtat\/","name":"Empresa responsable - Grup Boix","isPartOf":{"@id":"https:\/\/www.grupboix.com\/#website"},"datePublished":"2022-09-06T14:40:25+00:00","dateModified":"2024-12-02T12:27:39+00:00","description":"Garantizar la igualdad de trato entre sexos y representar el objectivo social son acciones activas de Grup Boix.","inLanguage":"es","potentialAction":[{"@type":"ReadAction","target":["https:\/\/www.grupboix.com\/es\/pla-igualtat\/"]}]},{"@type":"WebSite","@id":"https:\/\/www.grupboix.com\/#website","url":"https:\/\/www.grupboix.com\/","name":"Grup Boix","description":"Fusta avui, bosc per sempre! Assegurar la protecci\u00f3, la regeneraci\u00f3 i la superviv\u00e8ncia dels boscos per millorar la seva capacitat d\u2019adaptaci\u00f3 i mantenir la biodiversitat","potentialAction":[{"@type":"SearchAction","target":{"@type":"EntryPoint","urlTemplate":"https:\/\/www.grupboix.com\/?s={search_term_string}"},"query-input":{"@type":"PropertyValueSpecification","valueRequired":true,"valueName":"search_term_string"}}],"inLanguage":"es"}]}},"_links":{"self":[{"href":"https:\/\/www.grupboix.com\/es\/wp-json\/wp\/v2\/pages\/1916","targetHints":{"allow":["GET"]}}],"collection":[{"href":"https:\/\/www.grupboix.com\/es\/wp-json\/wp\/v2\/pages"}],"about":[{"href":"https:\/\/www.grupboix.com\/es\/wp-json\/wp\/v2\/types\/page"}],"author":[{"embeddable":true,"href":"https:\/\/www.grupboix.com\/es\/wp-json\/wp\/v2\/users\/3"}],"replies":[{"embeddable":true,"href":"https:\/\/www.grupboix.com\/es\/wp-json\/wp\/v2\/comments?post=1916"}],"version-history":[{"count":11,"href":"https:\/\/www.grupboix.com\/es\/wp-json\/wp\/v2\/pages\/1916\/revisions"}],"predecessor-version":[{"id":2607,"href":"https:\/\/www.grupboix.com\/es\/wp-json\/wp\/v2\/pages\/1916\/revisions\/2607"}],"wp:attachment":[{"href":"https:\/\/www.grupboix.com\/es\/wp-json\/wp\/v2\/media?parent=1916"}],"curies":[{"name":"wp","href":"https:\/\/api.w.org\/{rel}","templated":true}]}}