{"id":19,"date":"2022-02-03T11:40:02","date_gmt":"2022-02-03T10:40:02","guid":{"rendered":"https:\/\/www.grupboix.com\/?page_id=19"},"modified":"2024-02-13T12:33:31","modified_gmt":"2024-02-13T11:33:31","slug":"sostenibilidad","status":"publish","type":"page","link":"https:\/\/www.grupboix.com\/es\/sostenibilidad\/","title":{"rendered":"Sostenibilidad en Grup Boix"},"content":{"rendered":"<div class=\"wpb-content-wrapper\"><p>[vc_row el_class=\u00bbimg-block-container section-imagen-right\u00bb][vc_column el_class=\u00bbcontainer\u00bb][vc_row_inner][vc_column_inner el_class=\u00bbcol-historia\u00bb width=\u00bb1\/2&#8243;][vc_column_text]    <div class=\"section-title titulo-principal\">\n      <h2>  El Bosque<\/h2>\n          <\/div>\n    <div class=\"section-title titulo-historia\">\n      <h2>  Proteger el bosque de hoy para tener bosque ma\u00f1ana <\/h2>\n          <\/div>\n<p>Catalu\u00f1a tiene un porcentaje de superficie forestal que se incrementa cada a\u00f1o debido al abandono de las actividades forestales, agrarias y ganaderas. Esta tendencia a la aforestaci\u00f3n supone un envejecimiento progresivo de los bosques, menor captaci\u00f3n de CO2 y una creciente densidad forestal con los riesgos medioambientales que ello supone.<\/p>\n<p>Hay que volver a establecer un v\u00ednculo estrecho y cercano, de respeto, de cuidado y de valoraci\u00f3n del bosque en esta urgente necesidad de mitigar los efectos del cambio clim\u00e1tico que estamos sufriendo.<\/p>\n<p>Las masas forestales no s\u00f3lo nos proveen de ox\u00edgeno y son refugio para la biodiversidad y parte fundamental de preservaci\u00f3n de los ecosistemas, sino que tambi\u00e9n tienen una funci\u00f3n vital de almacenamiento de CO2 y son una barrera natural frente a los efectos clim\u00e1ticos adversos.[\/vc_column_text][\/vc_column_inner][vc_column_inner el_class=\u00bbcolumna-imagen\u00bb width=\u00bb1\/2&#8243;][vc_raw_html]JTNDZGl2JTIwY2xhc3MlM0QlMjJpbWctYmxvY2slMjIlMjBzdHlsZSUzRCUyMmJhY2tncm91bmQtaW1hZ2UlM0ElMjB1cmwlMjhodHRwcyUzQSUyRiUyRnd3dy5ncnVwYm9peC5jb20lMkZ3cC1jb250ZW50JTJGdXBsb2FkcyUyRjIwMjIlMkYwOSUyRmJnLXNvc3RlbmliaWxpZGFkLTEuanBnJTI5JTIyJTNFJTNDJTJGZGl2JTNF[\/vc_raw_html][\/vc_column_inner][\/vc_row_inner][\/vc_column][\/vc_row][vc_row el_class=\u00bbsection-grey section-slider-sostenibilidad\u00bb][vc_column el_class=\u00bbcontainer\u00bb][vc_column_text]    <div class=\"section-title titulo-principal\">\n      <h2>  Sostenibilidad<\/h2>\n          <\/div>\n[\/vc_column_text]    <!-- Slider main container -->\r\n    <div class=\"cont-slider-sos\">\r\n\t    <div id=\"swiper_69f2b8da875e3\" class=\"swiper-container\">\r\n\t        <!-- Additional required wrapper -->\r\n\t        <div class=\"swiper-wrapper\">\r\n\t            <!-- Slides -->\r\n\t                <div class=\"swiper-slide\">\r\n    \t[vc_column_text]    <i class=\"icon-circularidad\"><\/i>\n<\/p>\n<p>Bajo una estrategia empresarial vinculada a la sostenibilidad y la circularidad de nuestra actividad, en Boix trabajamos con un aprovechamiento integral de la madera de tronco.[\/vc_column_text]    <\/div>\r\n    <div class=\"swiper-slide\">\r\n    \t[vc_column_text]    <i class=\"icon-madera\"><\/i>\n<\/p>\n<p>Trabajamos con la certificaci\u00f3n forestal PEFC que garantiza la sostenibilidad de nuestra actividad en el bosque y certifica que los productos que llegan al mercado se han obtenido de bosques gestionados de forma responsable.[\/vc_column_text]    <\/div>\r\n    <div class=\"swiper-slide\">\r\n    \t[vc_column_text]    <i class=\"icon-hoja\"><\/i>\n<\/p>\n<p>Apostamos por un modelo de econom\u00eda circular que promueve sistemas de producci\u00f3n y consumo m\u00e1s eficientes y la no generaci\u00f3n de residuos a lo largo del proceso productivo. Contamos, tambi\u00e9n, con autoabastecimiento energ\u00e9tico a trav\u00e9s del uso de biomasa que se genera en la propia actividad.[\/vc_column_text]    <\/div>\r\n    <div class=\"swiper-slide\">\r\n    \t[vc_column_text]    <i class=\"icon-isco\"><\/i>\n<\/p>\n<p>Boix cuenta con el certificado ISO 14001 que garantiza el sistema de gesti\u00f3n ambiental en todos los procesos productives e industriales y certifica la responsabilidad asumida de mejora constante en sostenibilidad y impacto ambiental.[\/vc_column_text]    <\/div>\r\n    <div class=\"swiper-slide\">\r\n    \t[vc_column_text]    <i class=\"icon-energia-verde\"><\/i>\n<\/p>\n<p>Con el compromiso de consumir energ\u00eda renovable, Grup Boix dispone de una planta fotovoltaica con 2.115 paneles. La organizaci\u00f3n tambi\u00e9n dispone de una caldera de biomasa, alimentada por el subproducto generado durante el proceso de producci\u00f3n.[\/vc_column_text]    <\/div>\r\n    <div class=\"swiper-slide\">\r\n    \t[vc_column_text el_class=\u00bbslider-links\u00bb]Conoce nuestros certificados de garant\u00eda forestal sostenible:<\/p>\n<p><a rel=\"noopener\"><img loading=\"lazy\" decoding=\"async\" class=\"alignnone size-full wp-image-402\" src=\"https:\/\/www.grupboix.com\/wp-content\/uploads\/2021\/10\/catforest.jpg\" alt=\"\" width=\"223\" height=\"146\" \/><\/a><br \/>\n<img loading=\"lazy\" decoding=\"async\" class=\"aligncenter wp-image-2463\" src=\"https:\/\/www.grupboix.com\/wp-content\/uploads\/2024\/02\/logotip-pefc-180x300.png\" alt=\"\" width=\"126\" height=\"210\" srcset=\"https:\/\/www.grupboix.com\/wp-content\/uploads\/2024\/02\/logotip-pefc-180x300.png 180w, https:\/\/www.grupboix.com\/wp-content\/uploads\/2024\/02\/logotip-pefc-613x1024.png 613w, https:\/\/www.grupboix.com\/wp-content\/uploads\/2024\/02\/logotip-pefc.png 732w\" sizes=\"auto, (max-width: 126px) 100vw, 126px\" \/>[\/vc_column_text]    <\/div>\r\n\t        <\/div>\r\n\r\n\t        \t    <\/div>\r\n\t\t<div class=\"swiper-arrow-button swiper-button-prev swiper-button-prev-btn\"><\/div>\r\n\t\t<div class=\"swiper-arrow-button swiper-button-next swiper-button-next-btn\"><\/div>\r\n\t<\/div>\r\n\r\n    <!-- Initialize Swiper -->\r\n\t<script>\r\n\t\tvar swiper_swiper_69f2b8da875e3 = new Swiper('#swiper_69f2b8da875e3', {\r\n\t\t  slidesPerView: 1,\nspaceBetween: 0,\nloop: true,\nnavigation: {\nnextEl: '.swiper-button-next-btn',\nprevEl: '.swiper-button-prev-btn',\n},\npagination: {\nel: '.swiper-pagination-swiper_69f2b8da875e3',\nclickable: true,\ntype: 'bullets'\n},\nbreakpoints: {\n767: {\nslidesPerView: 2,\nspaceBetween: 30,\n},\n991: {\nslidesPerView: 4,\nspaceBetween: 30,\n},\n1199: {\nslidesPerView: 4,\nspaceBetween: 30,\n},\n}\t\t});\r\n\t<\/script>\r\n[\/vc_column][\/vc_row]<\/p>\n<\/div>","protected":false},"excerpt":{"rendered":"<p>[vc_row el_class=\u00bbimg-block-container section-imagen-right\u00bb][vc_column el_class=\u00bbcontainer\u00bb][vc_row_inner][vc_column_inner el_class=\u00bbcol-historia\u00bb width=\u00bb1\/2&#8243;][vc_column_text] Catalu\u00f1a tiene un porcentaje de superficie forestal que se incrementa cada a\u00f1o debido al abandono de las actividades forestales, agrarias y ganaderas. Esta tendencia a la aforestaci\u00f3n supone un envejecimiento progresivo de los bosques, menor captaci\u00f3n de CO2 y una creciente densidad forestal con los riesgos medioambientales que ello [&hellip;]<\/p>\n","protected":false},"author":3,"featured_media":0,"parent":0,"menu_order":0,"comment_status":"closed","ping_status":"closed","template":"","meta":{"footnotes":""},"class_list":["post-19","page","type-page","status-publish","hentry"],"yoast_head":"<!-- This site is optimized with the Yoast SEO plugin v27.5 - https:\/\/yoast.com\/product\/yoast-seo-wordpress\/ -->\n<title>Sostenibilidad en Grup Boix - Grup Boix<\/title>\n<meta name=\"description\" content=\"Bajo una estrategia empresarial de sostenibilidad y la circularidad de nuestra actividad, en Boix trabajamos con un aprovechamiento integral de la madera.\" \/>\n<meta name=\"robots\" content=\"index, follow, max-snippet:-1, max-image-preview:large, max-video-preview:-1\" \/>\n<link rel=\"canonical\" href=\"https:\/\/www.grupboix.com\/es\/sostenibilidad\/\" \/>\n<meta property=\"og:locale\" content=\"es_ES\" \/>\n<meta property=\"og:type\" content=\"article\" \/>\n<meta property=\"og:title\" content=\"Sostenibilidad en Grup Boix - Grup Boix\" \/>\n<meta property=\"og:description\" content=\"Bajo una estrategia empresarial de sostenibilidad y la circularidad de nuestra actividad, en Boix trabajamos con un aprovechamiento integral de la madera.\" \/>\n<meta property=\"og:url\" content=\"https:\/\/www.grupboix.com\/es\/sostenibilidad\/\" \/>\n<meta property=\"og:site_name\" content=\"Grup Boix\" \/>\n<meta property=\"article:publisher\" content=\"https:\/\/www.facebook.com\/serradoraboix\" \/>\n<meta property=\"article:modified_time\" content=\"2024-02-13T11:33:31+00:00\" \/>\n<meta property=\"og:image\" content=\"https:\/\/www.grupboix.com\/wp-content\/uploads\/2021\/10\/catforest.jpg\" \/>\n<meta name=\"twitter:card\" content=\"summary_large_image\" \/>\n<meta name=\"twitter:site\" content=\"@serradoraboix\" \/>\n<meta name=\"twitter:label1\" content=\"Tiempo de lectura\" \/>\n\t<meta name=\"twitter:data1\" content=\"3 minutos\" \/>\n<script type=\"application\/ld+json\" class=\"yoast-schema-graph\">{\"@context\":\"https:\\\/\\\/schema.org\",\"@graph\":[{\"@type\":\"WebPage\",\"@id\":\"https:\\\/\\\/www.grupboix.com\\\/es\\\/sostenibilidad\\\/\",\"url\":\"https:\\\/\\\/www.grupboix.com\\\/es\\\/sostenibilidad\\\/\",\"name\":\"Sostenibilidad en Grup Boix - Grup Boix\",\"isPartOf\":{\"@id\":\"https:\\\/\\\/www.grupboix.com\\\/#website\"},\"primaryImageOfPage\":{\"@id\":\"https:\\\/\\\/www.grupboix.com\\\/es\\\/sostenibilidad\\\/#primaryimage\"},\"image\":{\"@id\":\"https:\\\/\\\/www.grupboix.com\\\/es\\\/sostenibilidad\\\/#primaryimage\"},\"thumbnailUrl\":\"https:\\\/\\\/www.grupboix.com\\\/wp-content\\\/uploads\\\/2021\\\/10\\\/catforest.jpg\",\"datePublished\":\"2022-02-03T10:40:02+00:00\",\"dateModified\":\"2024-02-13T11:33:31+00:00\",\"description\":\"Bajo una estrategia empresarial de sostenibilidad y la circularidad de nuestra actividad, en Boix trabajamos con un aprovechamiento integral de la madera.\",\"inLanguage\":\"es\",\"potentialAction\":[{\"@type\":\"ReadAction\",\"target\":[\"https:\\\/\\\/www.grupboix.com\\\/es\\\/sostenibilidad\\\/\"]}]},{\"@type\":\"ImageObject\",\"inLanguage\":\"es\",\"@id\":\"https:\\\/\\\/www.grupboix.com\\\/es\\\/sostenibilidad\\\/#primaryimage\",\"url\":\"https:\\\/\\\/www.grupboix.com\\\/wp-content\\\/uploads\\\/2021\\\/10\\\/catforest.jpg\",\"contentUrl\":\"https:\\\/\\\/www.grupboix.com\\\/wp-content\\\/uploads\\\/2021\\\/10\\\/catforest.jpg\"},{\"@type\":\"WebSite\",\"@id\":\"https:\\\/\\\/www.grupboix.com\\\/#website\",\"url\":\"https:\\\/\\\/www.grupboix.com\\\/\",\"name\":\"Grup Boix\",\"description\":\"Fusta avui, bosc per sempre! Assegurar la protecci\u00f3, la regeneraci\u00f3 i la superviv\u00e8ncia dels boscos per millorar la seva capacitat d\u2019adaptaci\u00f3 i mantenir la biodiversitat\",\"potentialAction\":[{\"@type\":\"SearchAction\",\"target\":{\"@type\":\"EntryPoint\",\"urlTemplate\":\"https:\\\/\\\/www.grupboix.com\\\/?s={search_term_string}\"},\"query-input\":{\"@type\":\"PropertyValueSpecification\",\"valueRequired\":true,\"valueName\":\"search_term_string\"}}],\"inLanguage\":\"es\"}]}<\/script>\n<!-- \/ Yoast SEO plugin. -->","yoast_head_json":{"title":"Sostenibilidad en Grup Boix - Grup Boix","description":"Bajo una estrategia empresarial de sostenibilidad y la circularidad de nuestra actividad, en Boix trabajamos con un aprovechamiento integral de la madera.","robots":{"index":"index","follow":"follow","max-snippet":"max-snippet:-1","max-image-preview":"max-image-preview:large","max-video-preview":"max-video-preview:-1"},"canonical":"https:\/\/www.grupboix.com\/es\/sostenibilidad\/","og_locale":"es_ES","og_type":"article","og_title":"Sostenibilidad en Grup Boix - Grup Boix","og_description":"Bajo una estrategia empresarial de sostenibilidad y la circularidad de nuestra actividad, en Boix trabajamos con un aprovechamiento integral de la madera.","og_url":"https:\/\/www.grupboix.com\/es\/sostenibilidad\/","og_site_name":"Grup Boix","article_publisher":"https:\/\/www.facebook.com\/serradoraboix","article_modified_time":"2024-02-13T11:33:31+00:00","og_image":[{"url":"https:\/\/www.grupboix.com\/wp-content\/uploads\/2021\/10\/catforest.jpg","type":"","width":"","height":""}],"twitter_card":"summary_large_image","twitter_site":"@serradoraboix","twitter_misc":{"Tiempo de lectura":"3 minutos"},"schema":{"@context":"https:\/\/schema.org","@graph":[{"@type":"WebPage","@id":"https:\/\/www.grupboix.com\/es\/sostenibilidad\/","url":"https:\/\/www.grupboix.com\/es\/sostenibilidad\/","name":"Sostenibilidad en Grup Boix - Grup Boix","isPartOf":{"@id":"https:\/\/www.grupboix.com\/#website"},"primaryImageOfPage":{"@id":"https:\/\/www.grupboix.com\/es\/sostenibilidad\/#primaryimage"},"image":{"@id":"https:\/\/www.grupboix.com\/es\/sostenibilidad\/#primaryimage"},"thumbnailUrl":"https:\/\/www.grupboix.com\/wp-content\/uploads\/2021\/10\/catforest.jpg","datePublished":"2022-02-03T10:40:02+00:00","dateModified":"2024-02-13T11:33:31+00:00","description":"Bajo una estrategia empresarial de sostenibilidad y la circularidad de nuestra actividad, en Boix trabajamos con un aprovechamiento integral de la madera.","inLanguage":"es","potentialAction":[{"@type":"ReadAction","target":["https:\/\/www.grupboix.com\/es\/sostenibilidad\/"]}]},{"@type":"ImageObject","inLanguage":"es","@id":"https:\/\/www.grupboix.com\/es\/sostenibilidad\/#primaryimage","url":"https:\/\/www.grupboix.com\/wp-content\/uploads\/2021\/10\/catforest.jpg","contentUrl":"https:\/\/www.grupboix.com\/wp-content\/uploads\/2021\/10\/catforest.jpg"},{"@type":"WebSite","@id":"https:\/\/www.grupboix.com\/#website","url":"https:\/\/www.grupboix.com\/","name":"Grup Boix","description":"Fusta avui, bosc per sempre! Assegurar la protecci\u00f3, la regeneraci\u00f3 i la superviv\u00e8ncia dels boscos per millorar la seva capacitat d\u2019adaptaci\u00f3 i mantenir la biodiversitat","potentialAction":[{"@type":"SearchAction","target":{"@type":"EntryPoint","urlTemplate":"https:\/\/www.grupboix.com\/?s={search_term_string}"},"query-input":{"@type":"PropertyValueSpecification","valueRequired":true,"valueName":"search_term_string"}}],"inLanguage":"es"}]}},"_links":{"self":[{"href":"https:\/\/www.grupboix.com\/es\/wp-json\/wp\/v2\/pages\/19","targetHints":{"allow":["GET"]}}],"collection":[{"href":"https:\/\/www.grupboix.com\/es\/wp-json\/wp\/v2\/pages"}],"about":[{"href":"https:\/\/www.grupboix.com\/es\/wp-json\/wp\/v2\/types\/page"}],"author":[{"embeddable":true,"href":"https:\/\/www.grupboix.com\/es\/wp-json\/wp\/v2\/users\/3"}],"replies":[{"embeddable":true,"href":"https:\/\/www.grupboix.com\/es\/wp-json\/wp\/v2\/comments?post=19"}],"version-history":[{"count":35,"href":"https:\/\/www.grupboix.com\/es\/wp-json\/wp\/v2\/pages\/19\/revisions"}],"predecessor-version":[{"id":2466,"href":"https:\/\/www.grupboix.com\/es\/wp-json\/wp\/v2\/pages\/19\/revisions\/2466"}],"wp:attachment":[{"href":"https:\/\/www.grupboix.com\/es\/wp-json\/wp\/v2\/media?parent=19"}],"curies":[{"name":"wp","href":"https:\/\/api.w.org\/{rel}","templated":true}]}}