{"id":14,"date":"2021-09-03T11:37:49","date_gmt":"2021-09-03T11:37:49","guid":{"rendered":"https:\/\/www.grupboix.com\/?page_id=14"},"modified":"2024-08-30T10:00:35","modified_gmt":"2024-08-30T08:00:35","slug":"politica-de-privacidad","status":"publish","type":"page","link":"https:\/\/www.grupboix.com\/es\/politica-de-privacidad\/","title":{"rendered":"Pol\u00edtica de Privacidad"},"content":{"rendered":"<div class=\"wpb-content-wrapper\"><p>[vc_row el_class=\u00bbpaginas-legales\u00bb][vc_column el_class=\u00bbcontainer\u00bb][vc_column_text css=\u00bb\u00bb el_class=\u00bbcontainer\u00bb]En SERRADORA BOIX SL nos preocupamos por la privacidad y la transparencia.<\/p>\n<p>A continuaci\u00f3n, le indicamos en detalle los tratamientos de datos personales que realizamos, as\u00ed como toda la informaci\u00f3n relativa a los mismos.<\/p>\n<p><strong>\u00bfQui\u00e9n es el responsable del tratamiento de sus datos?<\/strong><\/p>\n<p>SERRADORA BOIX SL<\/p>\n<p>B08961393<\/p>\n<p>Ctra. C16 Km. 81 Pol. Ind. El Saltet &#8211; 08692\u00a0 Puig-reig \u2013 Barcelona.<\/p>\n<p>tel\u00e9f. 938290900<\/p>\n<p>grupboix@grupboix.com<\/p>\n<p><strong>\u00bfCu\u00e1les son sus derechos cuando nos facilita sus datos?<\/strong><\/p>\n<p>Cualquier persona tiene derecho a obtener confirmaci\u00f3n sobre si en SERRADORA BOIX SL estamos tratando, o no, datos personales que les conciernan.<\/p>\n<p>Las personas interesadas tienen derecho a acceder a sus datos personales, as\u00ed como a solicitar la rectificaci\u00f3n de los datos inexactos o, en su caso, solicitar su supresi\u00f3n cuando, entre otros motivos, los datos ya no sean necesarios para los fines que fueron recogidos. Igualmente tiene derecho a la portabilidad de sus datos.<\/p>\n<p>En determinadas circunstancias, los interesados podr\u00e1n solicitar la limitaci\u00f3n del tratamiento de sus datos, en cuyo caso \u00fanicamente los conservaremos para el ejercicio o la defensa de reclamaciones.<\/p>\n<p>En determinadas circunstancias y por motivos relacionados con su situaci\u00f3n particular, los interesados podr\u00e1n oponerse al tratamiento de sus datos. En este caso, SERRADORA BOIX SL dejar\u00e1 de tratar los datos, salvo por motivos leg\u00edtimos imperiosos, o el ejercicio o la defensa de posibles reclamaciones.<\/p>\n<p>Podr\u00e1 ejercitar materialmente sus derechos de la siguiente forma: dirigi\u00e9ndose a grupboix@grupboix.com o Ctra. C-16, Km. 81. 08692 Puig-reig\u00a0 &#8211; Barcelona.<\/p>\n<p>Cuando se realice el env\u00edo de comunicaciones comerciales utilizando como base jur\u00eddica el inter\u00e9s leg\u00edtimo del responsable, el interesado podr\u00e1 oponerse al tratamiento de sus datos con ese fin.<\/p>\n<p>Si ha otorgado su consentimiento para alguna finalidad concreta, tiene derecho a retirar el consentimiento otorgado en cualquier momento, sin que ello afecte a la licitud del tratamiento basado en el consentimiento previo a su retirada.<\/p>\n<p>En caso de que sienta vulnerados sus derechos en lo concerniente a la protecci\u00f3n de sus datos personales, especialmente cuando no haya obtenido satisfacci\u00f3n en el ejercicio de sus derechos, puede presentar una reclamaci\u00f3n ante la Autoridad de Control en materia de Protecci\u00f3n de Datos competente a trav\u00e9s de su sitio web: www.aepd.es.<\/p>\n<p><strong>\u00bfC\u00f3mo hemos obtenido sus datos?<\/strong><\/p>\n<p>Los datos personales que tratamos en SERRADORA BOIX SL proceden de: El propio interesado.<\/p>\n<h4><span style=\"color: #008000;\">1. Tratamiento de los datos de los contactos web<\/span><\/h4>\n<p><strong><br \/>\n\u00bfCon qu\u00e9 finalidad tratamos sus datos personales?<\/strong><\/p>\n<p>En SERRADORA BOIX SL tratamos la informaci\u00f3n que nos facilitan las personas interesadas con el fin de atender su solicitud y enviarle comunicaciones comerciales. En el caso de que no facilite sus datos personales, no podremos cumplir con las finalidades descritas.<\/p>\n<p>No se van a tomar decisiones automatizadas en base a los datos proporcionados.<\/p>\n<p><strong>\u00bfPor cu\u00e1nto tiempo conservaremos sus datos?<\/strong><\/p>\n<p>Los datos se conservar\u00e1n mientras el interesado no solicite su supresi\u00f3n.<\/p>\n<p><strong>\u00bfCu\u00e1l es la legitimaci\u00f3n para el tratamiento de sus datos?<\/strong><\/p>\n<p>Le indicamos la base legal para el tratamiento de sus datos:<\/p>\n<ul>\n<li>Ejecuci\u00f3n de un contrato: Atender su solicitud.<\/li>\n<li>Consentimiento del interesado: Enviar comunicaciones comerciales, inclusive por v\u00eda electr\u00f3nica.<\/li>\n<\/ul>\n<p><strong>\u00bfA qu\u00e9 destinatarios se comunicar\u00e1n sus datos?<\/strong><\/p>\n<p>No se ceder\u00e1n datos a terceros, salvo obligaci\u00f3n legal.<\/p>\n<p><strong>Transferencias de datos a terceros pa\u00edses<\/strong><\/p>\n<p>No est\u00e1n previstas transferencias de datos a terceros pa\u00edses.<\/p>\n<h4><span style=\"color: #008000;\">2. Tratamiento de los datos del correo electr\u00f3nico<\/span><\/h4>\n<p><strong><br \/>\n\u00bfCon qu\u00e9 finalidad tratamos sus datos personales?<\/strong><\/p>\n<p>En SERRADORA BOIX SL tratamos la informaci\u00f3n que nos facilitan las personas interesadas con el fin de prestarle los servicios que nos ha solicitado, atender sus solicitudes de informaci\u00f3n y enviarle comunicaciones comerciales. En el caso de que no facilite sus datos personales, no podremos cumplir con las finalidades descritas.<\/p>\n<p><strong>\u00bfPor cu\u00e1nto tiempo conservaremos sus datos?<\/strong><\/p>\n<p>Los datos se conservar\u00e1n mientras el interesado no solicite su supresi\u00f3n.<\/p>\n<p><strong>\u00bfCu\u00e1l es la legitimaci\u00f3n para el tratamiento de sus datos?<\/strong><\/p>\n<p>Le indicamos la base legal para el tratamiento de sus datos:<\/p>\n<ul>\n<li>Ejecuci\u00f3n de un contrato: Atender su solicitud.<\/li>\n<li>Inter\u00e9s leg\u00edtimo del Responsable: Env\u00edo de comunicaciones comerciales.<\/li>\n<li>Consentimiento del interesado: Contacto y env\u00edo de comunicaciones comerciales en base al inter\u00e9s demostrado.<\/li>\n<\/ul>\n<p><strong>\u00bfA qu\u00e9 destinatarios se comunicar\u00e1n sus datos?<\/strong><\/p>\n<p>No se ceder\u00e1n datos a terceros, salvo obligaci\u00f3n legal.<\/p>\n<p><strong>Transferencias de datos a terceros pa\u00edses<\/strong><\/p>\n<p>No est\u00e1n previstas transferencias de datos a terceros pa\u00edses.<\/p>\n<h4><span style=\"color: #008000;\">3. Tratamiento de los datos de videovigilancia<\/span><\/h4>\n<p><strong><br \/>\n\u00bfCon qu\u00e9 finalidad tratamos sus datos personales?<\/strong><\/p>\n<p>En SERRADORA BOIX SL tratamos la informaci\u00f3n que nos facilitan las personas interesadas con el fin de garantizar la seguridad de las personas, bienes e instalaciones usando los sistemas de videovigilancia. En el caso de que no facilite sus datos personales, no podremos cumplir con las finalidades descritas.<\/p>\n<p>No se van a tomar decisiones automatizadas en base a los datos proporcionados.<\/p>\n<p><strong>\u00bfPor cu\u00e1nto tiempo conservaremos sus datos?<\/strong><\/p>\n<p>Los datos se conservar\u00e1n un m\u00e1ximo de 30 d\u00edas, salvo comunicaci\u00f3n a Fuerzas y Cuerpos de Seguridad, y\/o Juzgados y Tribunales.<\/p>\n<p><strong>\u00bfCu\u00e1l es la legitimaci\u00f3n para el tratamiento de sus datos?<\/strong><\/p>\n<p>Le indicamos la base legal para el tratamiento de sus datos:<\/p>\n<ul>\n<li>Misi\u00f3n en Inter\u00e9s p\u00fablico: Tratamiento necesario para el cumplimiento de una misi\u00f3n realizada en inter\u00e9s p\u00fablico o en el ejercicio de poderes p\u00fablicos conferidos al responsable del tratamiento (RGPD art. 6.1.e), seg\u00fan consta en la \u00abGu\u00eda sobre el uso de videoc\u00e1maras para seguridad y otras finalidades\u00bb, publicada por la Agencia Espa\u00f1ola de Protecci\u00f3n de Datos.<\/li>\n<\/ul>\n<p><strong>\u00bfA qu\u00e9 destinatarios se comunicar\u00e1n sus datos?<\/strong><\/p>\n<p>Los datos se comunicar\u00e1n a los siguientes destinatarios:<\/p>\n<ul>\n<li>En su caso, las fuerzas y cuerpos de seguridad del Estado, as\u00ed como Juzgados y Tribunales, con la finalidad de aportar las im\u00e1genes si se ha cometido un delito (requisito legal).<\/li>\n<\/ul>\n<p><strong>Transferencias de datos a terceros pa\u00edses<\/strong><\/p>\n<p>No est\u00e1n previstas transferencias de datos a terceros pa\u00edses.<\/p>\n<h4><span style=\"color: #008000;\">4. Tratamiento de los datos de candidatos a un puesto de trabajo<\/span><\/h4>\n<p><strong><br \/>\n\u00bfCon qu\u00e9 finalidad tratamos sus datos personales?<\/strong><\/p>\n<p>En SERRADORA BOIX SL tratamos la informaci\u00f3n que nos facilitan las personas interesadas con el fin de gestionar los Curriculum Vitae recibidos y realizar los procesos de selecci\u00f3n de personal, entrevistas y dem\u00e1s tr\u00e1mites necesarios para la b\u00fasqueda del mejor candidato posible a un puesto de trabajo determinado. En el caso de que no facilite sus datos personales, no podremos cumplir con las finalidades descritas.<\/p>\n<p>No se van a tomar decisiones automatizadas en base a los datos proporcionados.<\/p>\n<p><strong>\u00bfPor cu\u00e1nto tiempo conservaremos sus datos?<\/strong><\/p>\n<p>Dos a\u00f1os desde la \u00faltima interacci\u00f3n.<\/p>\n<p><strong>\u00bfCu\u00e1l es la legitimaci\u00f3n para el tratamiento de sus datos?<\/strong><\/p>\n<p>Le indicamos la base legal para el tratamiento de sus datos:<\/p>\n<ul>\n<li>Ejecuci\u00f3n de un contrato: Gest\u00edon de los Curriculum Vitae entregados por el candidato para realizar los procesos de selecci\u00f3n de personal para la b\u00fasqueda del mejor candidato posible a un puesto de trabajo determinado. (RGPD art. 6.1.b).<\/li>\n<\/ul>\n<p><strong>\u00bfA qu\u00e9 destinatarios se comunicar\u00e1n sus datos?<\/strong><\/p>\n<p>No se ceder\u00e1n datos a terceros, salvo obligaci\u00f3n legal.<\/p>\n<p><strong>Transferencias de datos a terceros pa\u00edses<\/strong><\/p>\n<p>Est\u00e1n previstas las siguientes transferencias de datos a terceros pa\u00edses:<\/p>\n<ul>\n<li>Microsoft Corporation, con la finalidad de Uso de carpetas compartidas. La garant\u00eda para esta transferencia se ha establecido a trav\u00e9s de: Cl\u00e1usulas tipo de protecci\u00f3n de datos. Puede consultar informaci\u00f3n adicional en: https:\/\/privacy.microsoft.com\/es-es\/privacystatement.<\/li>\n<\/ul>\n<h4><span style=\"color: #008000;\">5. Tratamiento de los datos de alta clientes \u2013 contratos &#8211; presupuestos<\/span><\/h4>\n<p><strong><br \/>\n\u00bfCon qu\u00e9 finalidad tratamos sus datos personales?<\/strong><\/p>\n<p>En SERRADORA BOIX SL tratamos la informaci\u00f3n que nos facilitan las personas interesadas con el fin de realizar la gesti\u00f3n administrativa, contable y fiscal de los servicios solicitados, as\u00ed como enviar comunicaciones comerciales sobre nuestros productos y servicios. En el caso de que no facilite sus datos personales, no podremos cumplir con las finalidades descritas.<\/p>\n<p>No se van a tomar decisiones automatizadas en base a los datos proporcionados.<\/p>\n<p><strong>\u00bfPor cu\u00e1nto tiempo conservaremos sus datos?<\/strong><\/p>\n<p>Los datos se conservar\u00e1n mientras el interesado no solicite su supresi\u00f3n, y en su caso, durante los a\u00f1os necesarios para cumplir con las obligaciones legales.<\/p>\n<p><strong>\u00bfCu\u00e1l es la legitimaci\u00f3n para el tratamiento de sus datos?<\/strong><\/p>\n<p>Le indicamos la base legal para el tratamiento de sus datos:<\/p>\n<ul>\n<li>Ejecuci\u00f3n de un contrato: Gesti\u00f3n fiscal, contable y administrativa de clientes.<\/li>\n<li>Consentimiento del interesado: Env\u00edo de comunicaciones comerciales incluso por v\u00eda electr\u00f3nica.<\/li>\n<\/ul>\n<p><strong>\u00bfA qu\u00e9 destinatarios se comunicar\u00e1n sus datos?<\/strong><\/p>\n<p>Los datos se comunicar\u00e1n a los siguientes destinatarios:<\/p>\n<ul>\n<li>Administraci\u00f3n Tributaria, con la finalidad de cumplir con las obligaciones legales (requisito legal).<\/li>\n<li>En su caso, empresa mensajer\u00eda o transporte, con la finalidad de gesti\u00f3n de la recogida, seguimiento y entrega de los env\u00edos (requisito contractual).<\/li>\n<li>Entidades financieras, con la finalidad de girar los recibos correspondientes (requisito contractual).<\/li>\n<\/ul>\n<p><strong>Transferencias de datos a terceros pa\u00edses<\/strong><\/p>\n<p>Est\u00e1n previstas las siguientes transferencias de datos a terceros pa\u00edses:<\/p>\n<ul>\n<li>Microsoft Corporation, con la finalidad de Uso de carpetas compartidas. La garant\u00eda para esta transferencia se ha establecido a trav\u00e9s de: Cl\u00e1usulas tipo de protecci\u00f3n de datos. Puede consultar informaci\u00f3n adicional en: <a href=\"https:\/\/privacy.microsoft.com\/es-es\/privacystatement\">https:\/\/privacy.microsoft.com\/es-es\/privacystatement<\/a>.<\/li>\n<\/ul>\n<h4><span style=\"color: #008000;\">6. Tratamiento de los datos de suscriptores a la newsletter<\/span><\/h4>\n<p><strong><br \/>\n\u00bfCon qu\u00e9 finalidad tratamos sus datos personales?<\/strong><\/p>\n<p>En SERRADORA BOIX S L tratamos la informaci\u00f3n que nos facilitan las personas interesadas con el fin de realizar el env\u00edo de nuestra newsletter y otras comunicaciones promocionales de inter\u00e9s para los suscriptores a la misma. En el caso de que no facilite sus datos personales, no podremos cumplir con las finalidades descritas.<\/p>\n<p>No se van a tomar decisiones automatizadas en base a los datos proporcionados.<\/p>\n<p><strong>\u00bfPor cu\u00e1nto tiempo conservaremos sus datos?<\/strong><\/p>\n<p>Los datos se conservar\u00e1n mientras el interesado no solicite su supresi\u00f3n.<\/p>\n<p><strong>\u00bfCu\u00e1l es la legitimaci\u00f3n para el tratamiento de sus datos?<\/strong><\/p>\n<p>Le indicamos la base legal para el tratamiento de sus datos:<\/p>\n<ul>\n<li>Consentimiento del interesado: realizar el env\u00edo de nuestra newsletter y otras comunicaciones promocionales de inter\u00e9s para los suscriptores a la misma<\/li>\n<\/ul>\n<p><strong>\u00bfA qu\u00e9 destinatarios se comunicar\u00e1n sus datos?<\/strong><\/p>\n<p>No se ceder\u00e1n datos a terceros, salvo obligaci\u00f3n legal.<\/p>\n<p><strong>Transferencias de datos a terceros pa\u00edses<\/strong><\/p>\n<p>Est\u00e1n previstas las siguientes transferencias de datos a terceros pa\u00edses:<\/p>\n<ul>\n<li>Microsoft Corporation, con la finalidad de Uso de carpetas compartidas. La garant\u00eda para esta transferencia se ha establecido a trav\u00e9s de: Cl\u00e1usulas tipo de protecci\u00f3n de datos. Puede consultar informaci\u00f3n adicional en: <a href=\"https:\/\/privacy.microsoft.com\/es-es\/privacystatement.\" target=\"_blank\" rel=\"noopener\">https:\/\/privacy.microsoft.com\/es-es\/privacystatement.<\/a><\/li>\n<\/ul>\n<h4><span style=\"color: #008000;\">7. Tratamiento de los datos de visitantes a las instalaciones<\/span><\/h4>\n<p>&nbsp;<\/p>\n<p><strong>\u00bfCon qu\u00e9 finalidad tratamos sus datos personales?<\/strong><\/p>\n<p>En SERRADORA BOIX S L tratamos la informaci\u00f3n que nos facilitan las personas interesadas con el fin de registro y gesti\u00f3n de visitas a las instalaciones del responsable. En el caso de que no facilite sus datos personales, no podremos cumplir con las finalidades descritas.<\/p>\n<p>No se van a tomar decisiones automatizadas en base a los datos proporcionados.<\/p>\n<p><strong>\u00bfPor cu\u00e1nto tiempo conservaremos sus datos?<\/strong><\/p>\n<p>Durante cuatro a\u00f1os o hasta que el interesado solicite su supresi\u00f3n.<\/p>\n<p><strong>\u00bfCu\u00e1l es la legitimaci\u00f3n para el tratamiento de sus datos?<\/strong><\/p>\n<p>Le indicamos la base legal para el tratamiento de sus datos:<\/p>\n<ul>\n<li>Inter\u00e9s leg\u00edtimo del Responsable: Control de entradas y salidas a las instalaciones del responsable por motivos de seguridad y trazabilidad de visitas.<\/li>\n<\/ul>\n<p><strong>\u00bfA qu\u00e9 destinatarios se comunicar\u00e1n sus datos?<\/strong><\/p>\n<p>No se ceder\u00e1n datos a terceros, salvo obligaci\u00f3n legal.<\/p>\n<p><strong>Transferencias de datos a terceros pa\u00edses<\/strong><\/p>\n<p>Est\u00e1n previstas las siguientes transferencias de datos a terceros pa\u00edses:<\/p>\n<ul>\n<li>Microsoft corporation, con la finalidad de Copias de seguridad de los datos. La garant\u00eda para esta transferencia se ha establecido a trav\u00e9s de: Cl\u00e1usulas tipo de protecci\u00f3n de datos. Puede consultar informaci\u00f3n adicional en: <a href=\"https:\/\/privacy.microsoft.com\/es-es\/privacystatement.\">https:\/\/privacy.microsoft.com\/es-es\/privacystatement.<\/a><\/li>\n<\/ul>\n<p>[\/vc_column_text][\/vc_column][\/vc_row]<\/p>\n<\/div>","protected":false},"excerpt":{"rendered":"<p>[vc_row el_class=\u00bbpaginas-legales\u00bb][vc_column el_class=\u00bbcontainer\u00bb][vc_column_text css=\u00bb\u00bb el_class=\u00bbcontainer\u00bb]En SERRADORA BOIX SL nos preocupamos por la privacidad y la transparencia. A continuaci\u00f3n, le indicamos en detalle los tratamientos de datos personales que realizamos, as\u00ed como toda la informaci\u00f3n relativa a los mismos. \u00bfQui\u00e9n es el responsable del tratamiento de sus datos? SERRADORA BOIX SL B08961393 Ctra. C16 Km. 81 [&hellip;]<\/p>\n","protected":false},"author":3,"featured_media":0,"parent":0,"menu_order":0,"comment_status":"closed","ping_status":"closed","template":"","meta":{"footnotes":""},"class_list":["post-14","page","type-page","status-publish","hentry"],"yoast_head":"<!-- This site is optimized with the Yoast SEO plugin v27.4 - https:\/\/yoast.com\/product\/yoast-seo-wordpress\/ -->\n<title>Pol\u00edtica de Privacidad - Grup Boix<\/title>\n<meta name=\"robots\" content=\"index, follow, max-snippet:-1, max-image-preview:large, max-video-preview:-1\" \/>\n<link rel=\"canonical\" href=\"https:\/\/www.grupboix.com\/es\/politica-de-privacidad\/\" \/>\n<meta property=\"og:locale\" content=\"es_ES\" \/>\n<meta property=\"og:type\" content=\"article\" \/>\n<meta property=\"og:title\" content=\"Pol\u00edtica de Privacidad - Grup Boix\" \/>\n<meta property=\"og:description\" content=\"[vc_row el_class=\u00bbpaginas-legales\u00bb][vc_column el_class=\u00bbcontainer\u00bb][vc_column_text css=\u00bb\u00bb el_class=\u00bbcontainer\u00bb]En SERRADORA BOIX SL nos preocupamos por la privacidad y la transparencia. A continuaci\u00f3n, le indicamos en detalle los tratamientos de datos personales que realizamos, as\u00ed como toda la informaci\u00f3n relativa a los mismos. \u00bfQui\u00e9n es el responsable del tratamiento de sus datos? SERRADORA BOIX SL B08961393 Ctra. C16 Km. 81 [&hellip;]\" \/>\n<meta property=\"og:url\" content=\"https:\/\/www.grupboix.com\/es\/politica-de-privacidad\/\" \/>\n<meta property=\"og:site_name\" content=\"Grup Boix\" \/>\n<meta property=\"article:publisher\" content=\"https:\/\/www.facebook.com\/serradoraboix\" \/>\n<meta property=\"article:modified_time\" content=\"2024-08-30T08:00:35+00:00\" \/>\n<meta property=\"og:image\" content=\"https:\/\/www.grupboix.com\/wp-content\/uploads\/2021\/11\/fb-share.png\" \/>\n\t<meta property=\"og:image:width\" content=\"1200\" \/>\n\t<meta property=\"og:image:height\" content=\"630\" \/>\n\t<meta property=\"og:image:type\" content=\"image\/png\" \/>\n<meta name=\"twitter:card\" content=\"summary_large_image\" \/>\n<meta name=\"twitter:site\" content=\"@serradoraboix\" \/>\n<meta name=\"twitter:label1\" content=\"Tiempo de lectura\" \/>\n\t<meta name=\"twitter:data1\" content=\"7 minutos\" \/>\n<script type=\"application\/ld+json\" class=\"yoast-schema-graph\">{\"@context\":\"https:\\\/\\\/schema.org\",\"@graph\":[{\"@type\":\"WebPage\",\"@id\":\"https:\\\/\\\/www.grupboix.com\\\/es\\\/politica-de-privacidad\\\/\",\"url\":\"https:\\\/\\\/www.grupboix.com\\\/es\\\/politica-de-privacidad\\\/\",\"name\":\"Pol\u00edtica de Privacidad - Grup Boix\",\"isPartOf\":{\"@id\":\"https:\\\/\\\/www.grupboix.com\\\/#website\"},\"datePublished\":\"2021-09-03T11:37:49+00:00\",\"dateModified\":\"2024-08-30T08:00:35+00:00\",\"inLanguage\":\"es\",\"potentialAction\":[{\"@type\":\"ReadAction\",\"target\":[\"https:\\\/\\\/www.grupboix.com\\\/es\\\/politica-de-privacidad\\\/\"]}]},{\"@type\":\"WebSite\",\"@id\":\"https:\\\/\\\/www.grupboix.com\\\/#website\",\"url\":\"https:\\\/\\\/www.grupboix.com\\\/\",\"name\":\"Grup Boix\",\"description\":\"Fusta avui, bosc per sempre! Assegurar la protecci\u00f3, la regeneraci\u00f3 i la superviv\u00e8ncia dels boscos per millorar la seva capacitat d\u2019adaptaci\u00f3 i mantenir la biodiversitat\",\"potentialAction\":[{\"@type\":\"SearchAction\",\"target\":{\"@type\":\"EntryPoint\",\"urlTemplate\":\"https:\\\/\\\/www.grupboix.com\\\/?s={search_term_string}\"},\"query-input\":{\"@type\":\"PropertyValueSpecification\",\"valueRequired\":true,\"valueName\":\"search_term_string\"}}],\"inLanguage\":\"es\"}]}<\/script>\n<!-- \/ Yoast SEO plugin. -->","yoast_head_json":{"title":"Pol\u00edtica de Privacidad - Grup Boix","robots":{"index":"index","follow":"follow","max-snippet":"max-snippet:-1","max-image-preview":"max-image-preview:large","max-video-preview":"max-video-preview:-1"},"canonical":"https:\/\/www.grupboix.com\/es\/politica-de-privacidad\/","og_locale":"es_ES","og_type":"article","og_title":"Pol\u00edtica de Privacidad - Grup Boix","og_description":"[vc_row el_class=\u00bbpaginas-legales\u00bb][vc_column el_class=\u00bbcontainer\u00bb][vc_column_text css=\u00bb\u00bb el_class=\u00bbcontainer\u00bb]En SERRADORA BOIX SL nos preocupamos por la privacidad y la transparencia. A continuaci\u00f3n, le indicamos en detalle los tratamientos de datos personales que realizamos, as\u00ed como toda la informaci\u00f3n relativa a los mismos. \u00bfQui\u00e9n es el responsable del tratamiento de sus datos? SERRADORA BOIX SL B08961393 Ctra. C16 Km. 81 [&hellip;]","og_url":"https:\/\/www.grupboix.com\/es\/politica-de-privacidad\/","og_site_name":"Grup Boix","article_publisher":"https:\/\/www.facebook.com\/serradoraboix","article_modified_time":"2024-08-30T08:00:35+00:00","og_image":[{"width":1200,"height":630,"url":"https:\/\/www.grupboix.com\/wp-content\/uploads\/2021\/11\/fb-share.png","type":"image\/png"}],"twitter_card":"summary_large_image","twitter_site":"@serradoraboix","twitter_misc":{"Tiempo de lectura":"7 minutos"},"schema":{"@context":"https:\/\/schema.org","@graph":[{"@type":"WebPage","@id":"https:\/\/www.grupboix.com\/es\/politica-de-privacidad\/","url":"https:\/\/www.grupboix.com\/es\/politica-de-privacidad\/","name":"Pol\u00edtica de Privacidad - Grup Boix","isPartOf":{"@id":"https:\/\/www.grupboix.com\/#website"},"datePublished":"2021-09-03T11:37:49+00:00","dateModified":"2024-08-30T08:00:35+00:00","inLanguage":"es","potentialAction":[{"@type":"ReadAction","target":["https:\/\/www.grupboix.com\/es\/politica-de-privacidad\/"]}]},{"@type":"WebSite","@id":"https:\/\/www.grupboix.com\/#website","url":"https:\/\/www.grupboix.com\/","name":"Grup Boix","description":"Fusta avui, bosc per sempre! Assegurar la protecci\u00f3, la regeneraci\u00f3 i la superviv\u00e8ncia dels boscos per millorar la seva capacitat d\u2019adaptaci\u00f3 i mantenir la biodiversitat","potentialAction":[{"@type":"SearchAction","target":{"@type":"EntryPoint","urlTemplate":"https:\/\/www.grupboix.com\/?s={search_term_string}"},"query-input":{"@type":"PropertyValueSpecification","valueRequired":true,"valueName":"search_term_string"}}],"inLanguage":"es"}]}},"_links":{"self":[{"href":"https:\/\/www.grupboix.com\/es\/wp-json\/wp\/v2\/pages\/14","targetHints":{"allow":["GET"]}}],"collection":[{"href":"https:\/\/www.grupboix.com\/es\/wp-json\/wp\/v2\/pages"}],"about":[{"href":"https:\/\/www.grupboix.com\/es\/wp-json\/wp\/v2\/types\/page"}],"author":[{"embeddable":true,"href":"https:\/\/www.grupboix.com\/es\/wp-json\/wp\/v2\/users\/3"}],"replies":[{"embeddable":true,"href":"https:\/\/www.grupboix.com\/es\/wp-json\/wp\/v2\/comments?post=14"}],"version-history":[{"count":20,"href":"https:\/\/www.grupboix.com\/es\/wp-json\/wp\/v2\/pages\/14\/revisions"}],"predecessor-version":[{"id":2594,"href":"https:\/\/www.grupboix.com\/es\/wp-json\/wp\/v2\/pages\/14\/revisions\/2594"}],"wp:attachment":[{"href":"https:\/\/www.grupboix.com\/es\/wp-json\/wp\/v2\/media?parent=14"}],"curies":[{"name":"wp","href":"https:\/\/api.w.org\/{rel}","templated":true}]}}