{"id":12,"date":"2021-09-03T11:37:37","date_gmt":"2021-09-03T11:37:37","guid":{"rendered":"https:\/\/www.grupboix.com\/?page_id=12"},"modified":"2023-06-07T10:19:22","modified_gmt":"2023-06-07T08:19:22","slug":"politica-de-cookies","status":"publish","type":"page","link":"https:\/\/www.grupboix.com\/es\/politica-de-cookies\/","title":{"rendered":"Pol\u00edtica de Cookies"},"content":{"rendered":"<div class=\"wpb-content-wrapper\"><p>[vc_row el_class=\u00bbpaginas-legales\u00bb][vc_column el_class=\u00bbcontainer\u00bb][vc_column_text]<\/p>\r\n<h2>\u00bfQu\u00e9 son las cookies?<\/h2>\r\n<p>Este sitio web utiliza cookies y\/o tecnolog\u00edas similares que almacenan y recuperan informaci\u00f3n cuando navega. En general, estas tecnolog\u00edas pueden servir para finalidades muy diversas, como, por ejemplo, reconocerle como usuario, obtener informaci\u00f3n sobre sus h\u00e1bitos de navegaci\u00f3n, o personalizar la forma en que se muestra el contenido. Los usos concretos que hacemos de estas tecnolog\u00edas se describen a continuaci\u00f3n.<\/p>\r\n<h2>\u00bfPara qu\u00e9 utiliza las cookies esta p\u00e1gina web?<\/h2>\r\n<p>Esta p\u00e1gina web utiliza las cookies para una serie de finalidades, incluidas:<\/p>\r\n<ul>\r\n<li><strong>T\u00e9cnicas<\/strong>: facilitan la navegaci\u00f3n por el sitio web y guardan sus preferencias de ajuste de cookies para que no tengamos que preguntarle cada vez que nos visita.<\/li>\r\n<li><strong>De an\u00e1lisis<\/strong>: son aquellas que, tratadas por nosotros o por terceros, nos permiten cuantificar el n\u00famero de usuarios y as\u00ed realizar la medici\u00f3n y an\u00e1lisis estad\u00edstico de la utilizaci\u00f3n que hacen los usuarios del servicio ofertado. Para ello se analiza su navegaci\u00f3n en nuestra p\u00e1gina web con el fin de mejorar la oferta de productos o servicios que le ofrecemos.<\/li>\r\n<\/ul>\r\n<h2>\u00bfQui\u00e9n utiliza las cookies en esta p\u00e1gina web?<\/h2>\r\n<p>La identificaci\u00f3n de qui\u00e9n utiliza las cookies, el tipo de cookies utilizadas y dem\u00e1s detalles, se indica a continuaci\u00f3n:<\/p>\r\n\r\n<figure class=\"wp-block-table\">\r\n<table>\r\n<tbody>\r\n<tr>\r\n<td class=\"has-text-align-left\" data-align=\"left\"><strong>Entidad<\/strong><\/td>\r\n<td class=\"has-text-align-left\" data-align=\"left\"><strong>Tipo<\/strong><\/td>\r\n<td class=\"has-text-align-left\" data-align=\"left\"><strong>Prop\u00f3sito<\/strong><\/td>\r\n<td class=\"has-text-align-left\" data-align=\"left\"><strong>M\u00e1s informaci\u00f3n<\/strong><\/td>\r\n<\/tr>\r\n<tr>\r\n<td class=\"has-text-align-left\" data-align=\"left\">Google Analytics<\/td>\r\n<td class=\"has-text-align-left\" data-align=\"left\">De terceros<\/td>\r\n<td class=\"has-text-align-left\" data-align=\"left\">Recoger informaci\u00f3n sobre la navegaci\u00f3n de los usuarios por el sitio con el fin de conocer el origen de las visitas y otros datos similares a nivel estad\u00edstico. Google Analytics utiliza tambi\u00e9n estas cookies para mostrarle publicidad relacionada con su perfil de navegaci\u00f3n..<\/td>\r\n<td class=\"has-text-align-left\" data-align=\"left\">\r\n<p><a href=\"https:\/\/developers.google.com\/analytics\/devguides\/collection\/analyticsjs\/cookie-usage\" target=\"_blank\" rel=\"noreferrer noopener\">Google Analytics<\/a><\/p>\r\n<p><a href=\"https:\/\/policies.google.com\/privacy?hl=es\" target=\"_blank\" rel=\"noreferrer noopener\">Centro de privacidad de Google<\/a><\/p>\r\n<\/td>\r\n<\/tr>\r\n<\/tbody>\r\n<\/table>\r\n<\/figure>\r\n<p>Nota: Las cookies de tipo \u201cPropias\u201d son utilizadas solo por el propietario de esta web y las cookies \u201cDe terceros\u201d son utilizadas, tambi\u00e9n, por el prestador del servicio que est\u00e1 detallado la tabla anterior.<\/p>\r\n<p>Puede informarse de las transferencias a terceros pa\u00edses que, en su caso, realizan los terceros identificados en esta pol\u00edtica de cookies en sus correspondientes pol\u00edticas (ver los enlaces facilitados en el apartado \u201cM\u00e1s informaci\u00f3n\u201d de la tabla anterior).<\/p>\r\n<h2>\u00bfC\u00f3mo puedo desactivar o eliminar estas cookies?<\/h2>\r\n<p>Puede usted permitir o bloquear las cookies, as\u00ed como borrar sus datos de navegaci\u00f3n (incluidas las cookies) desde el navegador que usted utiliza. Consulte las opciones e instrucciones que ofrece su navegador para ello. Tenga en cuenta que, si acepta las cookies de terceros, deber\u00e1 eliminarlas desde las opciones del navegador.<\/p>\r\n<p>A continuaci\u00f3n, tiene disponibles los enlaces con la informaci\u00f3n para gestionar las cookies de los navegadores m\u00e1s utilizados:<\/p>\r\n<p><strong>Firefox<\/strong>:<br \/><a href=\"http:\/\/support.mozilla.org\/es\/kb\/habilitar-y-deshabilitar-cookies-que-los-sitios-we\">http:\/\/support.mozilla.org\/es\/kb\/habilitar-y-deshabilitar-cookies-que-los-sitios-we<\/a>b<\/p>\r\n<p><strong>Chrome<\/strong>:<br \/><a href=\"http:\/\/support.google.com\/chrome\/bin\/answer.py?hl=es&amp;answer=95647\">http:\/\/support.google.com\/chrome\/bin\/answer.py?hl=es&amp;answer=95647<\/a><\/p>\r\n<p><strong>Internet Explorer<\/strong>:<br \/><a href=\"https:\/\/support.microsoft.com\/es-es\/help\/278835\/how-to-delete-cookie-files-in-internet-explorer\">https:\/\/support.microsoft.com\/es-es\/help\/278835\/how-to-delete-cookie-files-in-internet-explorer<\/a><\/p>\r\n<p><strong>Microsoft Edge:<\/strong><br \/><a href=\"https:\/\/support.microsoft.com\/es-es\/help\/4027947\/microsoft-edge-delete-cookies\">https:\/\/support.microsoft.com\/es-es\/help\/4027947\/microsoft-edge-delete-cookies<\/a><\/p>\r\n<p><strong>Safari<\/strong>:<br \/><a href=\"http:\/\/support.apple.com\/kb\/ph5042\">http:\/\/support.apple.com\/kb\/ph5042<\/a><\/p>\r\n<p><strong>Opera<\/strong>:<br \/><a href=\"http:\/\/help.opera.com\/Windows\/11.50\/es-ES\/cookies.html\">http:\/\/help.opera.com\/Windows\/11.50\/es-ES\/cookies.html<\/a><\/p>\r\n<p><strong>Otros navegadores<\/strong>: consulte la documentaci\u00f3n del navegador que tenga instalado.<\/p>\r\n<h3>\u00a0<\/h3>\r\n<h2>Complemento de inhabilitaci\u00f3n para navegadores de Google Analytics<\/h2>\r\n<p>Si desea rechazar las cookies anal\u00edticas de Google Analytics en todos los navegadores, de forma que no se env\u00ede informaci\u00f3n suya a Google Analytics, puede descargar un complemento que realiza esta funci\u00f3n desde este enlace: <a href=\"https:\/\/tools.google.com\/dlpage\/gaoptout\">https:\/\/tools.google.com\/dlpage\/gaoptout<\/a>.<\/p>\r\n<h2>Ejercicio de derechos<\/h2>\r\n<p>Puede conocer y ejercer sus derechos en materia de protecci\u00f3n de datos accediendo a nuestra <a href=\"https:\/\/www.grupboix.com\/es\/politica-de-privacidad\/\"><u>Pol\u00edtica de Privacidad<\/u>.<\/a><\/p>\r\n<h2>\u00a0<\/h2>\r\n<p>[\/vc_column_text][\/vc_column][\/vc_row]<\/p><\/div>","protected":false},"excerpt":{"rendered":"<p>[vc_row el_class=\u00bbpaginas-legales\u00bb][vc_column el_class=\u00bbcontainer\u00bb][vc_column_text] \u00bfQu\u00e9 son las cookies? Este sitio web utiliza cookies y\/o tecnolog\u00edas similares que almacenan y recuperan informaci\u00f3n cuando navega. En general, estas tecnolog\u00edas pueden servir para finalidades muy diversas, como, por ejemplo, reconocerle como usuario, obtener informaci\u00f3n sobre sus h\u00e1bitos de navegaci\u00f3n, o personalizar la forma en que se muestra el contenido. [&hellip;]<\/p>\n","protected":false},"author":3,"featured_media":0,"parent":0,"menu_order":0,"comment_status":"closed","ping_status":"closed","template":"","meta":{"footnotes":""},"class_list":["post-12","page","type-page","status-publish","hentry"],"yoast_head":"<!-- This site is optimized with the Yoast SEO plugin v27.3 - https:\/\/yoast.com\/product\/yoast-seo-wordpress\/ -->\n<title>Pol\u00edtica de Cookies - Grup Boix<\/title>\n<meta name=\"robots\" content=\"index, follow, max-snippet:-1, max-image-preview:large, max-video-preview:-1\" \/>\n<link rel=\"canonical\" href=\"https:\/\/www.grupboix.com\/es\/politica-de-cookies\/\" \/>\n<meta property=\"og:locale\" content=\"es_ES\" \/>\n<meta property=\"og:type\" content=\"article\" \/>\n<meta property=\"og:title\" content=\"Pol\u00edtica de Cookies - Grup Boix\" \/>\n<meta property=\"og:description\" content=\"[vc_row el_class=\u00bbpaginas-legales\u00bb][vc_column el_class=\u00bbcontainer\u00bb][vc_column_text] \u00bfQu\u00e9 son las cookies? Este sitio web utiliza cookies y\/o tecnolog\u00edas similares que almacenan y recuperan informaci\u00f3n cuando navega. En general, estas tecnolog\u00edas pueden servir para finalidades muy diversas, como, por ejemplo, reconocerle como usuario, obtener informaci\u00f3n sobre sus h\u00e1bitos de navegaci\u00f3n, o personalizar la forma en que se muestra el contenido. [&hellip;]\" \/>\n<meta property=\"og:url\" content=\"https:\/\/www.grupboix.com\/es\/politica-de-cookies\/\" \/>\n<meta property=\"og:site_name\" content=\"Grup Boix\" \/>\n<meta property=\"article:publisher\" content=\"https:\/\/www.facebook.com\/serradoraboix\" \/>\n<meta property=\"article:modified_time\" content=\"2023-06-07T08:19:22+00:00\" \/>\n<meta property=\"og:image\" content=\"https:\/\/www.grupboix.com\/wp-content\/uploads\/2021\/11\/fb-share.png\" \/>\n\t<meta property=\"og:image:width\" content=\"1200\" \/>\n\t<meta property=\"og:image:height\" content=\"630\" \/>\n\t<meta property=\"og:image:type\" content=\"image\/png\" \/>\n<meta name=\"twitter:card\" content=\"summary_large_image\" \/>\n<meta name=\"twitter:site\" content=\"@serradoraboix\" \/>\n<meta name=\"twitter:label1\" content=\"Tiempo de lectura\" \/>\n\t<meta name=\"twitter:data1\" content=\"7 minutos\" \/>\n<script type=\"application\/ld+json\" class=\"yoast-schema-graph\">{\"@context\":\"https:\\\/\\\/schema.org\",\"@graph\":[{\"@type\":\"WebPage\",\"@id\":\"https:\\\/\\\/www.grupboix.com\\\/es\\\/politica-de-cookies\\\/\",\"url\":\"https:\\\/\\\/www.grupboix.com\\\/es\\\/politica-de-cookies\\\/\",\"name\":\"Pol\u00edtica de Cookies - Grup Boix\",\"isPartOf\":{\"@id\":\"https:\\\/\\\/www.grupboix.com\\\/#website\"},\"datePublished\":\"2021-09-03T11:37:37+00:00\",\"dateModified\":\"2023-06-07T08:19:22+00:00\",\"inLanguage\":\"es\",\"potentialAction\":[{\"@type\":\"ReadAction\",\"target\":[\"https:\\\/\\\/www.grupboix.com\\\/es\\\/politica-de-cookies\\\/\"]}]},{\"@type\":\"WebSite\",\"@id\":\"https:\\\/\\\/www.grupboix.com\\\/#website\",\"url\":\"https:\\\/\\\/www.grupboix.com\\\/\",\"name\":\"Grup Boix\",\"description\":\"Fusta avui, bosc per sempre! Assegurar la protecci\u00f3, la regeneraci\u00f3 i la superviv\u00e8ncia dels boscos per millorar la seva capacitat d\u2019adaptaci\u00f3 i mantenir la biodiversitat\",\"potentialAction\":[{\"@type\":\"SearchAction\",\"target\":{\"@type\":\"EntryPoint\",\"urlTemplate\":\"https:\\\/\\\/www.grupboix.com\\\/?s={search_term_string}\"},\"query-input\":{\"@type\":\"PropertyValueSpecification\",\"valueRequired\":true,\"valueName\":\"search_term_string\"}}],\"inLanguage\":\"es\"}]}<\/script>\n<!-- \/ Yoast SEO plugin. -->","yoast_head_json":{"title":"Pol\u00edtica de Cookies - Grup Boix","robots":{"index":"index","follow":"follow","max-snippet":"max-snippet:-1","max-image-preview":"max-image-preview:large","max-video-preview":"max-video-preview:-1"},"canonical":"https:\/\/www.grupboix.com\/es\/politica-de-cookies\/","og_locale":"es_ES","og_type":"article","og_title":"Pol\u00edtica de Cookies - Grup Boix","og_description":"[vc_row el_class=\u00bbpaginas-legales\u00bb][vc_column el_class=\u00bbcontainer\u00bb][vc_column_text] \u00bfQu\u00e9 son las cookies? Este sitio web utiliza cookies y\/o tecnolog\u00edas similares que almacenan y recuperan informaci\u00f3n cuando navega. En general, estas tecnolog\u00edas pueden servir para finalidades muy diversas, como, por ejemplo, reconocerle como usuario, obtener informaci\u00f3n sobre sus h\u00e1bitos de navegaci\u00f3n, o personalizar la forma en que se muestra el contenido. [&hellip;]","og_url":"https:\/\/www.grupboix.com\/es\/politica-de-cookies\/","og_site_name":"Grup Boix","article_publisher":"https:\/\/www.facebook.com\/serradoraboix","article_modified_time":"2023-06-07T08:19:22+00:00","og_image":[{"width":1200,"height":630,"url":"https:\/\/www.grupboix.com\/wp-content\/uploads\/2021\/11\/fb-share.png","type":"image\/png"}],"twitter_card":"summary_large_image","twitter_site":"@serradoraboix","twitter_misc":{"Tiempo de lectura":"7 minutos"},"schema":{"@context":"https:\/\/schema.org","@graph":[{"@type":"WebPage","@id":"https:\/\/www.grupboix.com\/es\/politica-de-cookies\/","url":"https:\/\/www.grupboix.com\/es\/politica-de-cookies\/","name":"Pol\u00edtica de Cookies - Grup Boix","isPartOf":{"@id":"https:\/\/www.grupboix.com\/#website"},"datePublished":"2021-09-03T11:37:37+00:00","dateModified":"2023-06-07T08:19:22+00:00","inLanguage":"es","potentialAction":[{"@type":"ReadAction","target":["https:\/\/www.grupboix.com\/es\/politica-de-cookies\/"]}]},{"@type":"WebSite","@id":"https:\/\/www.grupboix.com\/#website","url":"https:\/\/www.grupboix.com\/","name":"Grup Boix","description":"Fusta avui, bosc per sempre! Assegurar la protecci\u00f3, la regeneraci\u00f3 i la superviv\u00e8ncia dels boscos per millorar la seva capacitat d\u2019adaptaci\u00f3 i mantenir la biodiversitat","potentialAction":[{"@type":"SearchAction","target":{"@type":"EntryPoint","urlTemplate":"https:\/\/www.grupboix.com\/?s={search_term_string}"},"query-input":{"@type":"PropertyValueSpecification","valueRequired":true,"valueName":"search_term_string"}}],"inLanguage":"es"}]}},"_links":{"self":[{"href":"https:\/\/www.grupboix.com\/es\/wp-json\/wp\/v2\/pages\/12","targetHints":{"allow":["GET"]}}],"collection":[{"href":"https:\/\/www.grupboix.com\/es\/wp-json\/wp\/v2\/pages"}],"about":[{"href":"https:\/\/www.grupboix.com\/es\/wp-json\/wp\/v2\/types\/page"}],"author":[{"embeddable":true,"href":"https:\/\/www.grupboix.com\/es\/wp-json\/wp\/v2\/users\/3"}],"replies":[{"embeddable":true,"href":"https:\/\/www.grupboix.com\/es\/wp-json\/wp\/v2\/comments?post=12"}],"version-history":[{"count":12,"href":"https:\/\/www.grupboix.com\/es\/wp-json\/wp\/v2\/pages\/12\/revisions"}],"predecessor-version":[{"id":2229,"href":"https:\/\/www.grupboix.com\/es\/wp-json\/wp\/v2\/pages\/12\/revisions\/2229"}],"wp:attachment":[{"href":"https:\/\/www.grupboix.com\/es\/wp-json\/wp\/v2\/media?parent=12"}],"curies":[{"name":"wp","href":"https:\/\/api.w.org\/{rel}","templated":true}]}}