{"id":627,"date":"2021-09-03T11:40:02","date_gmt":"2021-09-03T11:40:02","guid":{"rendered":"https:\/\/www.grupboix.com\/sostenibilidad\/"},"modified":"2024-02-13T12:32:48","modified_gmt":"2024-02-13T11:32:48","slug":"responsibility","status":"publish","type":"page","link":"https:\/\/www.grupboix.com\/en\/responsibility\/","title":{"rendered":"Sustainability at Grup Boix"},"content":{"rendered":"<div class=\"wpb-content-wrapper\"><p>[vc_row el_class=&#8221;img-block-container section-imagen-right&#8221;][vc_column el_class=&#8221;container&#8221;][vc_row_inner][vc_column_inner el_class=&#8221;col-historia&#8221; width=&#8221;1\/2&#8243;][vc_column_text]    <div class=\"section-title titulo-principal\">\n      <h2>  The Forest<\/h2>\n          <\/div>\n    <div class=\"section-title titulo-historia\">\n      <h2>  Protecting the forest of today to guarantee a forest for tomorrow<\/h2>\n          <\/div>\n<p>With the decline in forestry, agricultural and livestock farming activity, the percentage of forest land in Catalonia is growing every year. The trend towards natural afforestation leads to the progressive ageing of forests, reduced CO2 capturing and rising tree density levels, with the associated environmental risks.<\/p>\n<p>A strong and close connection needs to be re-established based on respect, care and appreciation of our forests, as part of the urgent need to mitigate the effects of climate change.<\/p>\n<p>Forests not only provide us with oxygen, act as a haven for biodiversity and play an essential role in preserving ecosystems; they also perform an essential duty in storing CO2 and are a natural barrier against adverse climate effects.[\/vc_column_text][\/vc_column_inner][vc_column_inner el_class=&#8221;columna-imagen&#8221; width=&#8221;1\/2&#8243;][vc_raw_html]JTNDZGl2JTIwY2xhc3MlM0QlMjJpbWctYmxvY2slMjIlMjBzdHlsZSUzRCUyMmJhY2tncm91bmQtaW1hZ2UlM0ElMjB1cmwlMjhodHRwcyUzQSUyRiUyRnd3dy5ncnVwYm9peC5jb20lMkZ3cC1jb250ZW50JTJGdXBsb2FkcyUyRjIwMjIlMkYwOSUyRmJnLXNvc3RlbmliaWxpZGFkLTEuanBnJTI5JTIyJTNFJTNDJTJGZGl2JTNF[\/vc_raw_html][\/vc_column_inner][\/vc_row_inner][\/vc_column][\/vc_row][vc_row el_class=&#8221;section-grey section-slider-sostenibilidad&#8221;][vc_column el_class=&#8221;container&#8221;][vc_column_text]    <div class=\"section-title titulo-principal\">\n      <h2>  Sustainability<\/h2>\n          <\/div>\n[\/vc_column_text]    <!-- Slider main container -->\r\n    <div class=\"cont-slider-sos\">\r\n\t    <div id=\"swiper_69e07c9acbea4\" class=\"swiper-container\">\r\n\t        <!-- Additional required wrapper -->\r\n\t        <div class=\"swiper-wrapper\">\r\n\t            <!-- Slides -->\r\n\t                <div class=\"swiper-slide\">\r\n    \t[vc_column_text]    <i class=\"icon-circularidad\"><\/i>\n<\/p>\n<p>Under a business strategy linked to <strong>sustainability<\/strong> and the <strong>circularity<\/strong> of the production process, Grup Boix works with the <strong>integral use<\/strong> of trunk wood.[\/vc_column_text]    <\/div>\r\n    <div class=\"swiper-slide\">\r\n    \t[vc_column_text]    <i class=\"icon-madera\"><\/i>\n<\/p>\n<p>The company works under the <strong>PEFC<\/strong> forestry certification that guarantees the <strong>sustainability of forestry activities<\/strong>. At the same time, it also justifies that the products that reach the market have been obtained from <strong>responsibly managed forests.<\/strong>[\/vc_column_text]    <\/div>\r\n    <div class=\"swiper-slide\">\r\n    \t[vc_column_text]    <i class=\"icon-hoja\"><\/i>\n<\/p>\n<p>The company is committed to the <strong>circular economy<\/strong> model, which promotes <strong>more efficient production and consumption systems<\/strong> and the non-generation of waste throughout the production process. Grup Boix also has a <strong>system of<\/strong> <strong>energy self-sufficiency<\/strong> through <strong>solar panels<\/strong> and the use of <strong>biomass<\/strong>, which is generated in the same activity.[\/vc_column_text]    <\/div>\r\n    <div class=\"swiper-slide\">\r\n    \t[vc_column_text]    <i class=\"icon-isco\"><\/i>\n<\/p>\n<p>Grup Boix has the <strong>ISO 14001<\/strong> certificate that guarantees the <strong>environmental management system in all industrial and production processes<\/strong>. It also certifies the responsibility of <strong>constant improvement in environmental impact and sustainability<\/strong>.[\/vc_column_text]    <\/div>\r\n    <div class=\"swiper-slide\">\r\n    \t[vc_column_text]    <i class=\"icon-energia-verde\"><\/i>\n<\/p>\n<p class=\"p1\">With the commitment to consume renewable energy, Grup Boix has a photovoltaic plant with 2,115 panels. The organisation also has a biomass boiler, powered by the product generated during the production process.<\/p>\n<p>[\/vc_column_text]    <\/div>\r\n    <div class=\"swiper-slide\">\r\n    \t[vc_column_text el_class=&#8221;slider-links&#8221;]Learn about our sustainable forest guarantee certificates:<\/p>\n<p><a rel=\"noopener\"><img loading=\"lazy\" decoding=\"async\" class=\"alignnone size-full wp-image-402\" src=\"https:\/\/www.grupboix.com\/wp-content\/uploads\/2021\/10\/catforest.jpg\" alt=\"\" width=\"223\" height=\"146\" \/><\/a><br \/>\n<img loading=\"lazy\" decoding=\"async\" class=\"aligncenter wp-image-2462\" src=\"https:\/\/www.grupboix.com\/wp-content\/uploads\/2024\/02\/logotip-pefc-180x300.png\" alt=\"\" width=\"126\" height=\"210\" srcset=\"https:\/\/www.grupboix.com\/wp-content\/uploads\/2024\/02\/logotip-pefc-180x300.png 180w, https:\/\/www.grupboix.com\/wp-content\/uploads\/2024\/02\/logotip-pefc-613x1024.png 613w, https:\/\/www.grupboix.com\/wp-content\/uploads\/2024\/02\/logotip-pefc.png 732w\" sizes=\"auto, (max-width: 126px) 100vw, 126px\" \/>[\/vc_column_text]    <\/div>\r\n\t        <\/div>\r\n\r\n\t        \n\t    <\/div>\r\n\t\t<div class=\"swiper-arrow-button swiper-button-prev swiper-button-prev-btn\"><\/div>\r\n\t\t<div class=\"swiper-arrow-button swiper-button-next swiper-button-next-btn\"><\/div>\r\n\t<\/div>\r\n\r\n    <!-- Initialize Swiper -->\r\n\t<script>\r\n\t\tvar swiper_swiper_69e07c9acbea4 = new Swiper('#swiper_69e07c9acbea4', {\r\n\t\t  slidesPerView: 1,\nspaceBetween: 0,\nloop: true,\nnavigation: {\nnextEl: '.swiper-button-next-btn',\nprevEl: '.swiper-button-prev-btn',\n},\npagination: {\nel: '.swiper-pagination-swiper_69e07c9acbea4',\nclickable: true,\ntype: 'bullets'\n},\nbreakpoints: {\n767: {\nslidesPerView: 2,\nspaceBetween: 30,\n},\n991: {\nslidesPerView: 4,\nspaceBetween: 30,\n},\n1199: {\nslidesPerView: 4,\nspaceBetween: 30,\n},\n}\t\t});\r\n\t<\/script>\r\n[\/vc_column][\/vc_row]<\/p>\n<\/div>","protected":false},"excerpt":{"rendered":"<p>[vc_row el_class=&#8221;img-block-container section-imagen-right&#8221;][vc_column el_class=&#8221;container&#8221;][vc_row_inner][vc_column_inner el_class=&#8221;col-historia&#8221; width=&#8221;1\/2&#8243;][vc_column_text] With the decline in forestry, agricultural and livestock farming activity, the percentage of forest land in Catalonia is growing every year. The trend towards natural afforestation leads to the progressive ageing of forests, reduced CO2 capturing and rising tree density levels, with the associated environmental risks. A strong and [&hellip;]<\/p>\n","protected":false},"author":3,"featured_media":0,"parent":0,"menu_order":0,"comment_status":"closed","ping_status":"closed","template":"","meta":{"footnotes":""},"class_list":["post-627","page","type-page","status-publish","hentry"],"yoast_head":"<!-- This site is optimized with the Yoast SEO plugin v27.4 - https:\/\/yoast.com\/product\/yoast-seo-wordpress\/ -->\n<title>Sustainability at Grup Boix - Grup Boix<\/title>\n<meta name=\"description\" content=\"Under a business strategy linked to sustainability and circularity, Boix works with an integral use of wood from trunks.\" \/>\n<meta name=\"robots\" content=\"index, follow, max-snippet:-1, max-image-preview:large, max-video-preview:-1\" \/>\n<link rel=\"canonical\" href=\"https:\/\/www.grupboix.com\/en\/responsibility\/\" \/>\n<meta property=\"og:locale\" content=\"en_US\" \/>\n<meta property=\"og:type\" content=\"article\" \/>\n<meta property=\"og:title\" content=\"Sustainability at Grup Boix - Grup Boix\" \/>\n<meta property=\"og:description\" content=\"Under a business strategy linked to sustainability and circularity, Boix works with an integral use of wood from trunks.\" \/>\n<meta property=\"og:url\" content=\"https:\/\/www.grupboix.com\/en\/responsibility\/\" \/>\n<meta property=\"og:site_name\" content=\"Grup Boix\" \/>\n<meta property=\"article:publisher\" content=\"https:\/\/www.facebook.com\/serradoraboix\" \/>\n<meta property=\"article:modified_time\" content=\"2024-02-13T11:32:48+00:00\" \/>\n<meta property=\"og:image\" content=\"https:\/\/www.grupboix.com\/wp-content\/uploads\/2021\/10\/catforest.jpg\" \/>\n<meta name=\"twitter:card\" content=\"summary_large_image\" \/>\n<meta name=\"twitter:site\" content=\"@serradoraboix\" \/>\n<meta name=\"twitter:label1\" content=\"Est. reading time\" \/>\n\t<meta name=\"twitter:data1\" content=\"3 minutes\" \/>\n<script type=\"application\/ld+json\" class=\"yoast-schema-graph\">{\"@context\":\"https:\\\/\\\/schema.org\",\"@graph\":[{\"@type\":\"WebPage\",\"@id\":\"https:\\\/\\\/www.grupboix.com\\\/en\\\/responsibility\\\/\",\"url\":\"https:\\\/\\\/www.grupboix.com\\\/en\\\/responsibility\\\/\",\"name\":\"Sustainability at Grup Boix - Grup Boix\",\"isPartOf\":{\"@id\":\"https:\\\/\\\/www.grupboix.com\\\/#website\"},\"primaryImageOfPage\":{\"@id\":\"https:\\\/\\\/www.grupboix.com\\\/en\\\/responsibility\\\/#primaryimage\"},\"image\":{\"@id\":\"https:\\\/\\\/www.grupboix.com\\\/en\\\/responsibility\\\/#primaryimage\"},\"thumbnailUrl\":\"https:\\\/\\\/www.grupboix.com\\\/wp-content\\\/uploads\\\/2021\\\/10\\\/catforest.jpg\",\"datePublished\":\"2021-09-03T11:40:02+00:00\",\"dateModified\":\"2024-02-13T11:32:48+00:00\",\"description\":\"Under a business strategy linked to sustainability and circularity, Boix works with an integral use of wood from trunks.\",\"inLanguage\":\"en-US\",\"potentialAction\":[{\"@type\":\"ReadAction\",\"target\":[\"https:\\\/\\\/www.grupboix.com\\\/en\\\/responsibility\\\/\"]}]},{\"@type\":\"ImageObject\",\"inLanguage\":\"en-US\",\"@id\":\"https:\\\/\\\/www.grupboix.com\\\/en\\\/responsibility\\\/#primaryimage\",\"url\":\"https:\\\/\\\/www.grupboix.com\\\/wp-content\\\/uploads\\\/2021\\\/10\\\/catforest.jpg\",\"contentUrl\":\"https:\\\/\\\/www.grupboix.com\\\/wp-content\\\/uploads\\\/2021\\\/10\\\/catforest.jpg\"},{\"@type\":\"WebSite\",\"@id\":\"https:\\\/\\\/www.grupboix.com\\\/#website\",\"url\":\"https:\\\/\\\/www.grupboix.com\\\/\",\"name\":\"Grup Boix\",\"description\":\"Fusta avui, bosc per sempre! Assegurar la protecci\u00f3, la regeneraci\u00f3 i la superviv\u00e8ncia dels boscos per millorar la seva capacitat d\u2019adaptaci\u00f3 i mantenir la biodiversitat\",\"potentialAction\":[{\"@type\":\"SearchAction\",\"target\":{\"@type\":\"EntryPoint\",\"urlTemplate\":\"https:\\\/\\\/www.grupboix.com\\\/?s={search_term_string}\"},\"query-input\":{\"@type\":\"PropertyValueSpecification\",\"valueRequired\":true,\"valueName\":\"search_term_string\"}}],\"inLanguage\":\"en-US\"}]}<\/script>\n<!-- \/ Yoast SEO plugin. -->","yoast_head_json":{"title":"Sustainability at Grup Boix - Grup Boix","description":"Under a business strategy linked to sustainability and circularity, Boix works with an integral use of wood from trunks.","robots":{"index":"index","follow":"follow","max-snippet":"max-snippet:-1","max-image-preview":"max-image-preview:large","max-video-preview":"max-video-preview:-1"},"canonical":"https:\/\/www.grupboix.com\/en\/responsibility\/","og_locale":"en_US","og_type":"article","og_title":"Sustainability at Grup Boix - Grup Boix","og_description":"Under a business strategy linked to sustainability and circularity, Boix works with an integral use of wood from trunks.","og_url":"https:\/\/www.grupboix.com\/en\/responsibility\/","og_site_name":"Grup Boix","article_publisher":"https:\/\/www.facebook.com\/serradoraboix","article_modified_time":"2024-02-13T11:32:48+00:00","og_image":[{"url":"https:\/\/www.grupboix.com\/wp-content\/uploads\/2021\/10\/catforest.jpg","type":"","width":"","height":""}],"twitter_card":"summary_large_image","twitter_site":"@serradoraboix","twitter_misc":{"Est. reading time":"3 minutes"},"schema":{"@context":"https:\/\/schema.org","@graph":[{"@type":"WebPage","@id":"https:\/\/www.grupboix.com\/en\/responsibility\/","url":"https:\/\/www.grupboix.com\/en\/responsibility\/","name":"Sustainability at Grup Boix - Grup Boix","isPartOf":{"@id":"https:\/\/www.grupboix.com\/#website"},"primaryImageOfPage":{"@id":"https:\/\/www.grupboix.com\/en\/responsibility\/#primaryimage"},"image":{"@id":"https:\/\/www.grupboix.com\/en\/responsibility\/#primaryimage"},"thumbnailUrl":"https:\/\/www.grupboix.com\/wp-content\/uploads\/2021\/10\/catforest.jpg","datePublished":"2021-09-03T11:40:02+00:00","dateModified":"2024-02-13T11:32:48+00:00","description":"Under a business strategy linked to sustainability and circularity, Boix works with an integral use of wood from trunks.","inLanguage":"en-US","potentialAction":[{"@type":"ReadAction","target":["https:\/\/www.grupboix.com\/en\/responsibility\/"]}]},{"@type":"ImageObject","inLanguage":"en-US","@id":"https:\/\/www.grupboix.com\/en\/responsibility\/#primaryimage","url":"https:\/\/www.grupboix.com\/wp-content\/uploads\/2021\/10\/catforest.jpg","contentUrl":"https:\/\/www.grupboix.com\/wp-content\/uploads\/2021\/10\/catforest.jpg"},{"@type":"WebSite","@id":"https:\/\/www.grupboix.com\/#website","url":"https:\/\/www.grupboix.com\/","name":"Grup Boix","description":"Fusta avui, bosc per sempre! Assegurar la protecci\u00f3, la regeneraci\u00f3 i la superviv\u00e8ncia dels boscos per millorar la seva capacitat d\u2019adaptaci\u00f3 i mantenir la biodiversitat","potentialAction":[{"@type":"SearchAction","target":{"@type":"EntryPoint","urlTemplate":"https:\/\/www.grupboix.com\/?s={search_term_string}"},"query-input":{"@type":"PropertyValueSpecification","valueRequired":true,"valueName":"search_term_string"}}],"inLanguage":"en-US"}]}},"_links":{"self":[{"href":"https:\/\/www.grupboix.com\/en\/wp-json\/wp\/v2\/pages\/627","targetHints":{"allow":["GET"]}}],"collection":[{"href":"https:\/\/www.grupboix.com\/en\/wp-json\/wp\/v2\/pages"}],"about":[{"href":"https:\/\/www.grupboix.com\/en\/wp-json\/wp\/v2\/types\/page"}],"author":[{"embeddable":true,"href":"https:\/\/www.grupboix.com\/en\/wp-json\/wp\/v2\/users\/3"}],"replies":[{"embeddable":true,"href":"https:\/\/www.grupboix.com\/en\/wp-json\/wp\/v2\/comments?post=627"}],"version-history":[{"count":15,"href":"https:\/\/www.grupboix.com\/en\/wp-json\/wp\/v2\/pages\/627\/revisions"}],"predecessor-version":[{"id":2465,"href":"https:\/\/www.grupboix.com\/en\/wp-json\/wp\/v2\/pages\/627\/revisions\/2465"}],"wp:attachment":[{"href":"https:\/\/www.grupboix.com\/en\/wp-json\/wp\/v2\/media?parent=627"}],"curies":[{"name":"wp","href":"https:\/\/api.w.org\/{rel}","templated":true}]}}