{"id":621,"date":"2021-09-03T11:40:58","date_gmt":"2021-09-03T11:40:58","guid":{"rendered":"https:\/\/www.grupboix.com\/contacto\/"},"modified":"2024-03-19T09:59:12","modified_gmt":"2024-03-19T08:59:12","slug":"contact","status":"publish","type":"page","link":"https:\/\/www.grupboix.com\/en\/contact\/","title":{"rendered":"Contact"},"content":{"rendered":"<div class=\"wpb-content-wrapper\"><p>[vc_row el_class=&#8221;section-contactar-texto&#8221;][vc_column el_class=&#8221;container&#8221;][vc_row_inner][vc_column_inner width=&#8221;1\/4&#8243;][vc_column_text]General<\/p>\n<p>grupboix@grupboix.com[\/vc_column_text][\/vc_column_inner][vc_column_inner width=&#8221;1\/4&#8243;][vc_column_text]Sales<\/p>\n<p>comercial@grupboix.com[\/vc_column_text][\/vc_column_inner][vc_column_inner width=&#8221;1\/4&#8243;][vc_column_text]Forestry<\/p>\n<p>forestals@grupboix.com[\/vc_column_text][\/vc_column_inner][vc_column_inner width=&#8221;1\/4&#8243;][vc_column_text]Submit your resume<\/p>\n<p>rrhh@grupboix.com[\/vc_column_text][\/vc_column_inner][\/vc_row_inner][\/vc_column][\/vc_row][vc_row full_width=&#8221;stretch_row&#8221; parallax=&#8221;content-moving&#8221; parallax_image=&#8221;174&#8243; el_class=&#8221;section-formulario&#8221;][vc_column el_class=&#8221;container&#8221;][vc_column_text][\/vc_column_text][\/vc_column][\/vc_row][vc_row el_class=&#8221;section-contactar-texto section-contactar-mapa&#8221;][vc_column el_class=&#8221;container&#8221;][vc_row_inner][vc_column_inner width=&#8221;1\/2&#8243;][vc_column_text]    <div class=\"section-title \">\n      <h2>  Find us<\/h2>\n          <\/div>\n<p>Ctra. C-16, Km. 81, Pol\u00edgon Industrial El Saltet<br \/>\n08692 PUIG-REIG<br \/>\nBarcelona<\/p>\n    <div class=\"section-title \">\n      <h2>  Sing up for visits<\/h2>\n          <\/div>\n\n<p>The following link allows people with previous visit authorisation to register their personal data.<\/p>\n<p><strong><a href=\"https:\/\/forms.office.com\/Pages\/ResponsePage.aspx?id=ewDExChY7Ee8x1C6QxJytma854HRuCxDk4caIs4eKstUOThUWTZJT1UySERPQkwyWEFEODJEWDFUTS4u\">Sign up for visits<\/a><\/strong>[\/vc_column_text][\/vc_column_inner][vc_column_inner el_class=&#8221;col-mapa&#8221; width=&#8221;1\/2&#8243;][vc_column_text css=&#8221;.vc_custom_1647019805163{margin-top: 20px !important;margin-bottom: 20px !important;}&#8221;]<iframe loading=\"lazy\" style=\"border: 0;\" src=\"https:\/\/www.google.com\/maps\/embed?pb=!1m14!1m8!1m3!1d11867.435446226258!2d1.8843672!3d41.9603665!3m2!1i1024!2i768!4f13.1!3m3!1m2!1s0x0%3A0xaae814343d98824!2sSerradora%20Boix!5e0!3m2!1ses!2ses!4v1632823149788!5m2!1ses!2ses\" width=\"100%\" height=\"370\" allowfullscreen=\"allowfullscreen\"><span data-mce-type=\"bookmark\" style=\"display: inline-block; width: 0px; overflow: hidden; line-height: 0;\" class=\"mce_SELRES_start\">\ufeff<\/span><\/iframe>[\/vc_column_text][\/vc_column_inner][\/vc_row_inner][\/vc_column][\/vc_row][vc_row][vc_column][vc_separator color=&#8221;white&#8221;][\/vc_column][\/vc_row]<\/p>\n<\/div>","protected":false},"excerpt":{"rendered":"<p>[vc_row el_class=&#8221;section-contactar-texto&#8221;][vc_column el_class=&#8221;container&#8221;][vc_row_inner][vc_column_inner width=&#8221;1\/4&#8243;][vc_column_text]General grupboix@grupboix.com[\/vc_column_text][\/vc_column_inner][vc_column_inner width=&#8221;1\/4&#8243;][vc_column_text]Sales comercial@grupboix.com[\/vc_column_text][\/vc_column_inner][vc_column_inner width=&#8221;1\/4&#8243;][vc_column_text]Forestry forestals@grupboix.com[\/vc_column_text][\/vc_column_inner][vc_column_inner width=&#8221;1\/4&#8243;][vc_column_text]Submit your resume rrhh@grupboix.com[\/vc_column_text][\/vc_column_inner][\/vc_row_inner][\/vc_column][\/vc_row][vc_row full_width=&#8221;stretch_row&#8221; parallax=&#8221;content-moving&#8221; parallax_image=&#8221;174&#8243; el_class=&#8221;section-formulario&#8221;][vc_column el_class=&#8221;container&#8221;][vc_column_text][\/vc_column_text][\/vc_column][\/vc_row][vc_row el_class=&#8221;section-contactar-texto section-contactar-mapa&#8221;][vc_column el_class=&#8221;container&#8221;][vc_row_inner][vc_column_inner width=&#8221;1\/2&#8243;][vc_column_text] Ctra. C-16, Km. 81, Pol\u00edgon Industrial El Saltet 08692 PUIG-REIG Barcelona The following link allows people with previous visit authorisation to register their personal data. Sign up for visits[\/vc_column_text][\/vc_column_inner][vc_column_inner el_class=&#8221;col-mapa&#8221; width=&#8221;1\/2&#8243;][vc_column_text css=&#8221;.vc_custom_1647019805163{margin-top: 20px [&hellip;]<\/p>\n","protected":false},"author":3,"featured_media":0,"parent":0,"menu_order":0,"comment_status":"closed","ping_status":"closed","template":"","meta":{"footnotes":""},"class_list":["post-621","page","type-page","status-publish","hentry"],"yoast_head":"<!-- This site is optimized with the Yoast SEO plugin v27.4 - https:\/\/yoast.com\/product\/yoast-seo-wordpress\/ -->\n<title>Contact - Grup Boix<\/title>\n<meta name=\"robots\" content=\"index, follow, max-snippet:-1, max-image-preview:large, max-video-preview:-1\" \/>\n<link rel=\"canonical\" href=\"https:\/\/www.grupboix.com\/en\/contact\/\" \/>\n<meta property=\"og:locale\" content=\"en_US\" \/>\n<meta property=\"og:type\" content=\"article\" \/>\n<meta property=\"og:title\" content=\"Contact - Grup Boix\" \/>\n<meta property=\"og:description\" content=\"[vc_row el_class=&#8221;section-contactar-texto&#8221;][vc_column el_class=&#8221;container&#8221;][vc_row_inner][vc_column_inner width=&#8221;1\/4&#8243;][vc_column_text]General grupboix@grupboix.com[\/vc_column_text][\/vc_column_inner][vc_column_inner width=&#8221;1\/4&#8243;][vc_column_text]Sales comercial@grupboix.com[\/vc_column_text][\/vc_column_inner][vc_column_inner width=&#8221;1\/4&#8243;][vc_column_text]Forestry forestals@grupboix.com[\/vc_column_text][\/vc_column_inner][vc_column_inner width=&#8221;1\/4&#8243;][vc_column_text]Submit your resume rrhh@grupboix.com[\/vc_column_text][\/vc_column_inner][\/vc_row_inner][\/vc_column][\/vc_row][vc_row full_width=&#8221;stretch_row&#8221; parallax=&#8221;content-moving&#8221; parallax_image=&#8221;174&#8243; el_class=&#8221;section-formulario&#8221;][vc_column el_class=&#8221;container&#8221;][vc_column_text][\/vc_column_text][\/vc_column][\/vc_row][vc_row el_class=&#8221;section-contactar-texto section-contactar-mapa&#8221;][vc_column el_class=&#8221;container&#8221;][vc_row_inner][vc_column_inner width=&#8221;1\/2&#8243;][vc_column_text] Ctra. C-16, Km. 81, Pol\u00edgon Industrial El Saltet 08692 PUIG-REIG Barcelona The following link allows people with previous visit authorisation to register their personal data. Sign up for visits[\/vc_column_text][\/vc_column_inner][vc_column_inner el_class=&#8221;col-mapa&#8221; width=&#8221;1\/2&#8243;][vc_column_text css=&#8221;.vc_custom_1647019805163{margin-top: 20px [&hellip;]\" \/>\n<meta property=\"og:url\" content=\"https:\/\/www.grupboix.com\/en\/contact\/\" \/>\n<meta property=\"og:site_name\" content=\"Grup Boix\" \/>\n<meta property=\"article:publisher\" content=\"https:\/\/www.facebook.com\/serradoraboix\" \/>\n<meta property=\"article:modified_time\" content=\"2024-03-19T08:59:12+00:00\" \/>\n<meta property=\"og:image\" content=\"https:\/\/www.grupboix.com\/wp-content\/uploads\/2021\/11\/fb-share.png\" \/>\n\t<meta property=\"og:image:width\" content=\"1200\" \/>\n\t<meta property=\"og:image:height\" content=\"630\" \/>\n\t<meta property=\"og:image:type\" content=\"image\/png\" \/>\n<meta name=\"twitter:card\" content=\"summary_large_image\" \/>\n<meta name=\"twitter:site\" content=\"@serradoraboix\" \/>\n<meta name=\"twitter:label1\" content=\"Est. reading time\" \/>\n\t<meta name=\"twitter:data1\" content=\"1 minute\" \/>\n<script type=\"application\/ld+json\" class=\"yoast-schema-graph\">{\"@context\":\"https:\\\/\\\/schema.org\",\"@graph\":[{\"@type\":\"WebPage\",\"@id\":\"https:\\\/\\\/www.grupboix.com\\\/en\\\/contact\\\/\",\"url\":\"https:\\\/\\\/www.grupboix.com\\\/en\\\/contact\\\/\",\"name\":\"Contact - Grup Boix\",\"isPartOf\":{\"@id\":\"https:\\\/\\\/www.grupboix.com\\\/#website\"},\"datePublished\":\"2021-09-03T11:40:58+00:00\",\"dateModified\":\"2024-03-19T08:59:12+00:00\",\"inLanguage\":\"en-US\",\"potentialAction\":[{\"@type\":\"ReadAction\",\"target\":[\"https:\\\/\\\/www.grupboix.com\\\/en\\\/contact\\\/\"]}]},{\"@type\":\"WebSite\",\"@id\":\"https:\\\/\\\/www.grupboix.com\\\/#website\",\"url\":\"https:\\\/\\\/www.grupboix.com\\\/\",\"name\":\"Grup Boix\",\"description\":\"Fusta avui, bosc per sempre! Assegurar la protecci\u00f3, la regeneraci\u00f3 i la superviv\u00e8ncia dels boscos per millorar la seva capacitat d\u2019adaptaci\u00f3 i mantenir la biodiversitat\",\"potentialAction\":[{\"@type\":\"SearchAction\",\"target\":{\"@type\":\"EntryPoint\",\"urlTemplate\":\"https:\\\/\\\/www.grupboix.com\\\/?s={search_term_string}\"},\"query-input\":{\"@type\":\"PropertyValueSpecification\",\"valueRequired\":true,\"valueName\":\"search_term_string\"}}],\"inLanguage\":\"en-US\"}]}<\/script>\n<!-- \/ Yoast SEO plugin. -->","yoast_head_json":{"title":"Contact - Grup Boix","robots":{"index":"index","follow":"follow","max-snippet":"max-snippet:-1","max-image-preview":"max-image-preview:large","max-video-preview":"max-video-preview:-1"},"canonical":"https:\/\/www.grupboix.com\/en\/contact\/","og_locale":"en_US","og_type":"article","og_title":"Contact - Grup Boix","og_description":"[vc_row el_class=&#8221;section-contactar-texto&#8221;][vc_column el_class=&#8221;container&#8221;][vc_row_inner][vc_column_inner width=&#8221;1\/4&#8243;][vc_column_text]General grupboix@grupboix.com[\/vc_column_text][\/vc_column_inner][vc_column_inner width=&#8221;1\/4&#8243;][vc_column_text]Sales comercial@grupboix.com[\/vc_column_text][\/vc_column_inner][vc_column_inner width=&#8221;1\/4&#8243;][vc_column_text]Forestry forestals@grupboix.com[\/vc_column_text][\/vc_column_inner][vc_column_inner width=&#8221;1\/4&#8243;][vc_column_text]Submit your resume rrhh@grupboix.com[\/vc_column_text][\/vc_column_inner][\/vc_row_inner][\/vc_column][\/vc_row][vc_row full_width=&#8221;stretch_row&#8221; parallax=&#8221;content-moving&#8221; parallax_image=&#8221;174&#8243; el_class=&#8221;section-formulario&#8221;][vc_column el_class=&#8221;container&#8221;][vc_column_text][\/vc_column_text][\/vc_column][\/vc_row][vc_row el_class=&#8221;section-contactar-texto section-contactar-mapa&#8221;][vc_column el_class=&#8221;container&#8221;][vc_row_inner][vc_column_inner width=&#8221;1\/2&#8243;][vc_column_text] Ctra. C-16, Km. 81, Pol\u00edgon Industrial El Saltet 08692 PUIG-REIG Barcelona The following link allows people with previous visit authorisation to register their personal data. Sign up for visits[\/vc_column_text][\/vc_column_inner][vc_column_inner el_class=&#8221;col-mapa&#8221; width=&#8221;1\/2&#8243;][vc_column_text css=&#8221;.vc_custom_1647019805163{margin-top: 20px [&hellip;]","og_url":"https:\/\/www.grupboix.com\/en\/contact\/","og_site_name":"Grup Boix","article_publisher":"https:\/\/www.facebook.com\/serradoraboix","article_modified_time":"2024-03-19T08:59:12+00:00","og_image":[{"width":1200,"height":630,"url":"https:\/\/www.grupboix.com\/wp-content\/uploads\/2021\/11\/fb-share.png","type":"image\/png"}],"twitter_card":"summary_large_image","twitter_site":"@serradoraboix","twitter_misc":{"Est. reading time":"1 minute"},"schema":{"@context":"https:\/\/schema.org","@graph":[{"@type":"WebPage","@id":"https:\/\/www.grupboix.com\/en\/contact\/","url":"https:\/\/www.grupboix.com\/en\/contact\/","name":"Contact - Grup Boix","isPartOf":{"@id":"https:\/\/www.grupboix.com\/#website"},"datePublished":"2021-09-03T11:40:58+00:00","dateModified":"2024-03-19T08:59:12+00:00","inLanguage":"en-US","potentialAction":[{"@type":"ReadAction","target":["https:\/\/www.grupboix.com\/en\/contact\/"]}]},{"@type":"WebSite","@id":"https:\/\/www.grupboix.com\/#website","url":"https:\/\/www.grupboix.com\/","name":"Grup Boix","description":"Fusta avui, bosc per sempre! Assegurar la protecci\u00f3, la regeneraci\u00f3 i la superviv\u00e8ncia dels boscos per millorar la seva capacitat d\u2019adaptaci\u00f3 i mantenir la biodiversitat","potentialAction":[{"@type":"SearchAction","target":{"@type":"EntryPoint","urlTemplate":"https:\/\/www.grupboix.com\/?s={search_term_string}"},"query-input":{"@type":"PropertyValueSpecification","valueRequired":true,"valueName":"search_term_string"}}],"inLanguage":"en-US"}]}},"_links":{"self":[{"href":"https:\/\/www.grupboix.com\/en\/wp-json\/wp\/v2\/pages\/621","targetHints":{"allow":["GET"]}}],"collection":[{"href":"https:\/\/www.grupboix.com\/en\/wp-json\/wp\/v2\/pages"}],"about":[{"href":"https:\/\/www.grupboix.com\/en\/wp-json\/wp\/v2\/types\/page"}],"author":[{"embeddable":true,"href":"https:\/\/www.grupboix.com\/en\/wp-json\/wp\/v2\/users\/3"}],"replies":[{"embeddable":true,"href":"https:\/\/www.grupboix.com\/en\/wp-json\/wp\/v2\/comments?post=621"}],"version-history":[{"count":15,"href":"https:\/\/www.grupboix.com\/en\/wp-json\/wp\/v2\/pages\/621\/revisions"}],"predecessor-version":[{"id":2475,"href":"https:\/\/www.grupboix.com\/en\/wp-json\/wp\/v2\/pages\/621\/revisions\/2475"}],"wp:attachment":[{"href":"https:\/\/www.grupboix.com\/en\/wp-json\/wp\/v2\/media?parent=621"}],"curies":[{"name":"wp","href":"https:\/\/api.w.org\/{rel}","templated":true}]}}