{"id":550,"date":"2022-02-03T11:36:49","date_gmt":"2022-02-03T10:36:49","guid":{"rendered":"https:\/\/www.grupboix.com\/inicio\/"},"modified":"2022-02-03T16:31:33","modified_gmt":"2022-02-03T15:31:33","slug":"inicio","status":"publish","type":"page","link":"https:\/\/www.grupboix.com\/en\/","title":{"rendered":"Home"},"content":{"rendered":"<div class=\"wpb-content-wrapper\"><p>[vc_row el_class=&#8221;section-green section-home-img img-block-container section-home-first&#8221;][vc_column el_class=&#8221;container&#8221;][vc_row_inner][vc_column_inner width=&#8221;1\/2&#8243;][vc_column_text]<\/p>\n<h2>Living in coexistence with our forests<\/h2>\n<p>As the world transitions to new sustainable models, we are committed to a circular model to guarantee the environmental and economic protection of the land.<\/p>\n<p>    <a href=\"https:\/\/www.grupboix.com\/en\/responsibility\/\" class=\"btn btn-primary\" >Sustainability<\/a>\n[\/vc_column_text][\/vc_column_inner][vc_column_inner width=&#8221;1\/2&#8243;][vc_column_text]<\/p>\n<div class=\"img-block\" style=\"background-image: url('https:\/\/www.grupboix.com\/wp-content\/uploads\/2021\/10\/home-empresa-2.jpg');\"><\/div>\n<p>[\/vc_column_text][\/vc_column_inner][\/vc_row_inner][\/vc_column][\/vc_row][vc_row el_class=&#8221;section-green section-home-img img-block-container section-home-second&#8221;][vc_column el_class=&#8221;container&#8221;][vc_row_inner][vc_column_inner width=&#8221;1\/2&#8243;][vc_column_text]<\/p>\n<h2>Forest Bioeconomy<\/h2>\n<p>We apply innovation to new processes so we can enhance the value of wood and develop a new forestry industry.<\/p>\n<p>    <a href=\"https:\/\/www.grupboix.com\/en\/company\/\" class=\"btn btn-primary\" >Our Company<\/a>\n[\/vc_column_text][\/vc_column_inner][vc_column_inner width=&#8221;1\/2&#8243;][vc_column_text]<\/p>\n<div class=\"img-block\" style=\"background-image: url('https:\/\/www.grupboix.com\/wp-content\/uploads\/2021\/10\/home-sostenibilidad-2.jpg');\"><\/div>\n<p>[\/vc_column_text][\/vc_column_inner][\/vc_row_inner][\/vc_column][\/vc_row][vc_row el_class=&#8221;section-home-productos&#8221;][vc_column el_class=&#8221;container&#8221;][vc_column_text]\n<div class=\"row justify-content-md-center\">\n  \n    <div class=\"col-sm-4\">\n      <a href=\"https:\/\/www.grupboix.com\/en\/negocio\/boix-forestry\/\" class=\"link-box\">\n        <img decoding=\"async\" class=\"alignnone size-full\" src=\"https:\/\/www.grupboix.com\/wp-content\/uploads\/2021\/10\/box-forestal.jpg\" alt=\"\" \/>\n        <div class=\"box-title\">\n        <h2><span>Boix<\/span>Forestry<\/h2>\n        <p>Sustainable and certified forestry management<\/p>\n        <\/div>\n      <\/a>\n    <\/div>\n\n  \n    <div class=\"col-sm-4\">\n      <a href=\"https:\/\/www.grupboix.com\/en\/negocio\/boix-timber\/\" class=\"link-box\">\n        <img decoding=\"async\" class=\"alignnone size-full\" src=\"https:\/\/www.grupboix.com\/wp-content\/uploads\/2021\/10\/box-madera.jpg\" alt=\"\" \/>\n        <div class=\"box-title\">\n        <h2><span>Boix<\/span>Timber<\/h2>\n        <p>Primary processing<\/p>\n        <\/div>\n      <\/a>\n    <\/div>\n\n  \n    <div class=\"col-sm-4\">\n      <a href=\"https:\/\/www.grupboix.com\/en\/negocio\/boix-biomass\/\" class=\"link-box\">\n        <img decoding=\"async\" class=\"alignnone size-full\" src=\"https:\/\/www.grupboix.com\/wp-content\/uploads\/2021\/10\/box-biomasa.jpg\" alt=\"\" \/>\n        <div class=\"box-title\">\n        <h2><span>Boix<\/span>Biomass<\/h2>\n        <p>Raw material and energy solutions<\/p>\n        <\/div>\n      <\/a>\n    <\/div>\n\n  \n    <div class=\"col-sm-4\">\n      <a href=\"https:\/\/www.grupboix.com\/en\/negocio\/boix-packaging\/\" class=\"link-box\">\n        <img decoding=\"async\" class=\"alignnone size-full\" src=\"https:\/\/www.grupboix.com\/wp-content\/uploads\/2021\/10\/box-embalajes.jpg\" alt=\"\" \/>\n        <div class=\"box-title\">\n        <h2><span>Boix<\/span>Packaging<\/h2>\n        <p>Storage and transport<\/p>\n        <\/div>\n      <\/a>\n    <\/div>\n\n  \n    <div class=\"col-sm-4\">\n      <a href=\"https:\/\/www.grupboix.com\/en\/negocio\/boix-road-safety\/\" class=\"link-box\">\n        <img decoding=\"async\" class=\"alignnone size-full\" src=\"https:\/\/www.grupboix.com\/wp-content\/uploads\/2021\/10\/box-seguridad.jpg\" alt=\"\" \/>\n        <div class=\"box-title\">\n        <h2><span>Boix<\/span>Road Safety<\/h2>\n        <p>Barriers for urban and rural spaces<\/p>\n        <\/div>\n      <\/a>\n    <\/div>\n\n  \n    <div class=\"col-sm-4\">\n      <a href=\"https:\/\/www.grupboix.com\/en\/negocio\/clt-panels\/\" class=\"link-box\">\n        <img decoding=\"async\" class=\"alignnone size-full\" src=\"https:\/\/www.grupboix.com\/wp-content\/uploads\/2025\/10\/fusta-clt-600x600-1.jpg\" alt=\"\" \/>\n        <div class=\"box-title\">\n        <h2><span>Boix<\/span>CLT panels<\/h2>\n        <p>CLT (Cross Laminated Timber) is a cross-laminated wood panel formed by layers glued together in a crosswise manner, which gives it great structural resistance, dimensional stability and construction versatility.<\/p>\n        <\/div>\n      <\/a>\n    <\/div>\n\n    \n<\/div>\n\n[\/vc_column_text][\/vc_column][\/vc_row][vc_row el_class=&#8221;section-home-noticias&#8221;][vc_column el_class=&#8221;container&#8221;][vc_column_text]\n    <div class=\"cont-slider-sos\">\n      <div class=\"ultimas-entradas swiper-container\" id=\"ultimas-entradas\">\n        <div class=\"swiper-wrapper\">\n                        <div class=\"swiper-slide\">\n              <div class=\"cont-entrada\">\r\n\t<a href=\"https:\/\/www.grupboix.com\/en\/grup-boix-enters-the-timber-construction-sector-with-its-first-participation-at-rebuild-2026\/\" title=\"Grup Boix enters the timber construction sector with its first participation at REBUILD 2026\" class=\"link-img\">\r\n\t\t<img decoding=\"async\" src=\"https:\/\/www.grupboix.com\/wp-content\/uploads\/2026\/03\/grup-boix-enters-the-timber-construction-sector-with-its-first-participation-at-rebuild-2026-800x600.jpg\" class='img-fluid'>\r\n\t<\/a>\r\n\r\n\t<a href=\"https:\/\/www.grupboix.com\/en\/grup-boix-enters-the-timber-construction-sector-with-its-first-participation-at-rebuild-2026\/\" title=\"Grup Boix enters the timber construction sector with its first participation at REBUILD 2026\" class='link-title'>\r\n\t\t<h2>Grup Boix enters the timber construction sector with its first participation at REBUILD 2026<\/h2>\r\n\t<\/a>\r\n\r\n\t<p>Grup Boix will participate for the first time as an exhibitor at REBUILD 2026, the leading innovation event for the building\n...<\/p>\r\n\r\n\t<a href=\"https:\/\/www.grupboix.com\/en\/grup-boix-enters-the-timber-construction-sector-with-its-first-participation-at-rebuild-2026\/\" class=\"btn btn-primary\">More<\/a>\r\n\r\n<\/div>            <\/div>\n\n                        <div class=\"swiper-slide\">\n              <div class=\"cont-entrada\">\r\n\t<a href=\"https:\/\/www.grupboix.com\/en\/grup-boix-drives-industrial-employment-and-added-value-in-the-bergueda-through-an-integrated-forest-based-model\/\" title=\"Grup Boix drives industrial employment and added value in the Bergued\u00e0 through an integrated forest-based model\" class=\"link-img\">\r\n\t\t<img decoding=\"async\" src=\"https:\/\/www.grupboix.com\/wp-content\/uploads\/2026\/01\/grup-boix-drives-industrial-employment.png\" class='img-fluid'>\r\n\t<\/a>\r\n\r\n\t<a href=\"https:\/\/www.grupboix.com\/en\/grup-boix-drives-industrial-employment-and-added-value-in-the-bergueda-through-an-integrated-forest-based-model\/\" title=\"Grup Boix drives industrial employment and added value in the Bergued\u00e0 through an integrated forest-based model\" class='link-title'>\r\n\t\t<h2>Grup Boix drives industrial employment and added value in the Bergued\u00e0 through an integrated forest-based model<\/h2>\r\n\t<\/a>\r\n\r\n\t<p>In a context of national reindustrialisation and growing difficulties in retaining talent outside major urban areas, Grup Boix has consolidated its position\n...<\/p>\r\n\r\n\t<a href=\"https:\/\/www.grupboix.com\/en\/grup-boix-drives-industrial-employment-and-added-value-in-the-bergueda-through-an-integrated-forest-based-model\/\" class=\"btn btn-primary\">More<\/a>\r\n\r\n<\/div>            <\/div>\n\n                        <div class=\"swiper-slide\">\n              <div class=\"cont-entrada\">\r\n\t<a href=\"https:\/\/www.grupboix.com\/en\/grup-boix-warns-of-wildfire-risk-and-calls-for-stronger-forest-management-as-winter-begins\/\" title=\"Grup Boix Warns of Wildfire Risk and Calls for Stronger Forest Management as Winter Begins\" class=\"link-img\">\r\n\t\t<img decoding=\"async\" src=\"https:\/\/www.grupboix.com\/wp-content\/uploads\/2025\/12\/grup-boix-warns-of-wildfire-risk-and-calls-for-stronger-forest-management-as-winter-begins-800x600.jpg\" class='img-fluid'>\r\n\t<\/a>\r\n\r\n\t<a href=\"https:\/\/www.grupboix.com\/en\/grup-boix-warns-of-wildfire-risk-and-calls-for-stronger-forest-management-as-winter-begins\/\" title=\"Grup Boix Warns of Wildfire Risk and Calls for Stronger Forest Management as Winter Begins\" class='link-title'>\r\n\t\t<h2>Grup Boix Warns of Wildfire Risk and Calls for Stronger Forest Management as Winter Begins<\/h2>\r\n\t<\/a>\r\n\r\n\t<p>The Bergued\u00e0-based company Boix, a leading player in forest management and wood transformation, is issuing a public call to strengthen forest management at the\n...<\/p>\r\n\r\n\t<a href=\"https:\/\/www.grupboix.com\/en\/grup-boix-warns-of-wildfire-risk-and-calls-for-stronger-forest-management-as-winter-begins\/\" class=\"btn btn-primary\">More<\/a>\r\n\r\n<\/div>            <\/div>\n\n                        <div class=\"swiper-slide\">\n              <div class=\"cont-entrada\">\r\n\t<a href=\"https:\/\/www.grupboix.com\/en\/grant-allocated-to-the-construction-project-of-the-new-clt-plant\/\" title=\"Grant allocated to the construction project of the new CLT plant\" class=\"link-img\">\r\n\t\t<img decoding=\"async\" src=\"https:\/\/www.grupboix.com\/wp-content\/uploads\/2025\/11\/20250903_173930-800x600.jpg\" class='img-fluid'>\r\n\t<\/a>\r\n\r\n\t<a href=\"https:\/\/www.grupboix.com\/en\/grant-allocated-to-the-construction-project-of-the-new-clt-plant\/\" title=\"Grant allocated to the construction project of the new CLT plant\" class='link-title'>\r\n\t\t<h2>Grant allocated to the construction project of the new CLT plant<\/h2>\r\n\t<\/a>\r\n\r\n\t<p>Serradora Boix SL has received a grant from the Department of Business and Labour of the Government of Catalonia, through\n...<\/p>\r\n\r\n\t<a href=\"https:\/\/www.grupboix.com\/en\/grant-allocated-to-the-construction-project-of-the-new-clt-plant\/\" class=\"btn btn-primary\">More<\/a>\r\n\r\n<\/div>            <\/div>\n\n                        <div class=\"swiper-slide\">\n              <div class=\"cont-entrada\">\r\n\t<a href=\"https:\/\/www.grupboix.com\/en\/grup-boix-strengthens-its-leadership-with-a-e40-million-industrial-investment\/\" title=\"Grup Boix strengthens its leadership with a \u20ac40 million industrial investment\" class=\"link-img\">\r\n\t\t<img decoding=\"async\" src=\"https:\/\/www.grupboix.com\/wp-content\/uploads\/2025\/11\/grup-boix-3-800x600.jpg\" class='img-fluid'>\r\n\t<\/a>\r\n\r\n\t<a href=\"https:\/\/www.grupboix.com\/en\/grup-boix-strengthens-its-leadership-with-a-e40-million-industrial-investment\/\" title=\"Grup Boix strengthens its leadership with a \u20ac40 million industrial investment\" class='link-title'>\r\n\t\t<h2>Grup Boix strengthens its leadership with a \u20ac40 million industrial investment<\/h2>\r\n\t<\/a>\r\n\r\n\t<p>The Bergued\u00e0-based company reinforces its industrial activity with the launch of a new cross-laminated timber (CLT) plant in Puig-reig, a project that combines technology,\n...<\/p>\r\n\r\n\t<a href=\"https:\/\/www.grupboix.com\/en\/grup-boix-strengthens-its-leadership-with-a-e40-million-industrial-investment\/\" class=\"btn btn-primary\">More<\/a>\r\n\r\n<\/div>            <\/div>\n\n                        <div class=\"swiper-slide\">\n              <div class=\"cont-entrada\">\r\n\t<a href=\"https:\/\/www.grupboix.com\/en\/this-is-a-test\/\" title=\"This is a test\" class=\"link-img\">\r\n\t\t<img decoding=\"async\" src=\"https:\/\/www.grupboix.com\/wp-content\/uploads\/2025\/10\/20181028_125146-800x600.jpg\" class='img-fluid'>\r\n\t<\/a>\r\n\r\n\t<a href=\"https:\/\/www.grupboix.com\/en\/this-is-a-test\/\" title=\"This is a test\" class='link-title'>\r\n\t\t<h2>This is a test<\/h2>\r\n\t<\/a>\r\n\r\n\t<p>This is a test 2\n...<\/p>\r\n\r\n\t<a href=\"https:\/\/www.grupboix.com\/en\/this-is-a-test\/\" class=\"btn btn-primary\">More<\/a>\r\n\r\n<\/div>            <\/div>\n\n                        <div class=\"swiper-slide\">\n              <div class=\"cont-entrada\">\r\n\t<a href=\"https:\/\/www.grupboix.com\/en\/serradora-boix-rep-una-subvencio-per-a-la-transformacio-i-comercialitzacio-de-productes-forestals\/\" title=\"Serradora Boix Receives a Grant for the Processing and Marketing of Forest Products\" class=\"link-img\">\r\n\t\t<img decoding=\"async\" src=\"https:\/\/www.grupboix.com\/wp-content\/uploads\/2025\/09\/whatsapp-image-2025-09-26-at-13.53.51-800x600.jpeg\" class='img-fluid'>\r\n\t<\/a>\r\n\r\n\t<a href=\"https:\/\/www.grupboix.com\/en\/serradora-boix-rep-una-subvencio-per-a-la-transformacio-i-comercialitzacio-de-productes-forestals\/\" title=\"Serradora Boix Receives a Grant for the Processing and Marketing of Forest Products\" class='link-title'>\r\n\t\t<h2>Serradora Boix Receives a Grant for the Processing and Marketing of Forest Products<\/h2>\r\n\t<\/a>\r\n\r\n\t<p>Serradora Boix, S.L. has been a beneficiary of the aid for investments in the processing and marketing of forest products (2024 call).\nThe grant, amounting\n...<\/p>\r\n\r\n\t<a href=\"https:\/\/www.grupboix.com\/en\/serradora-boix-rep-una-subvencio-per-a-la-transformacio-i-comercialitzacio-de-productes-forestals\/\" class=\"btn btn-primary\">More<\/a>\r\n\r\n<\/div>            <\/div>\n\n                        <div class=\"swiper-slide\">\n              <div class=\"cont-entrada\">\r\n\t<a href=\"https:\/\/www.grupboix.com\/en\/rebem-una-subvencio-europea-per-impulsat-la-sostenibilitat-energetica\/\" title=\"We Have Received a European Grant to Boost Energy Sustainability\" class=\"link-img\">\r\n\t\t<img decoding=\"async\" src=\"https:\/\/www.grupboix.com\/wp-content\/uploads\/2025\/03\/subvencio-800x600.jpg\" class='img-fluid'>\r\n\t<\/a>\r\n\r\n\t<a href=\"https:\/\/www.grupboix.com\/en\/rebem-una-subvencio-europea-per-impulsat-la-sostenibilitat-energetica\/\" title=\"We Have Received a European Grant to Boost Energy Sustainability\" class='link-title'>\r\n\t\t<h2>We Have Received a European Grant to Boost Energy Sustainability<\/h2>\r\n\t<\/a>\r\n\r\n\t<p>Serradora Boix, S.L. has been awarded a grant within the framework of the aid program for thermal renewable energies in different economic sectors, as\n...<\/p>\r\n\r\n\t<a href=\"https:\/\/www.grupboix.com\/en\/rebem-una-subvencio-europea-per-impulsat-la-sostenibilitat-energetica\/\" class=\"btn btn-primary\">More<\/a>\r\n\r\n<\/div>            <\/div>\n\n                        <div class=\"swiper-slide\">\n              <div class=\"cont-entrada\">\r\n\t<a href=\"https:\/\/www.grupboix.com\/en\/construction-work-begins-on-the-new-clt-production-factory\/\" title=\"Construction work begins on the new CLT production factory\" class=\"link-img\">\r\n\t\t<img decoding=\"async\" src=\"https:\/\/www.grupboix.com\/wp-content\/uploads\/2024\/08\/dji_20240730082733_0024_d-800x600.jpg\" class='img-fluid'>\r\n\t<\/a>\r\n\r\n\t<a href=\"https:\/\/www.grupboix.com\/en\/construction-work-begins-on-the-new-clt-production-factory\/\" title=\"Construction work begins on the new CLT production factory\" class='link-title'>\r\n\t\t<h2>Construction work begins on the new CLT production factory<\/h2>\r\n\t<\/a>\r\n\r\n\t<p>Grup Boix begins construction work on the new cross-laminated timber (CLT) panel factory in Puig-reig. This project, pioneering in terms of technology and industrial\n...<\/p>\r\n\r\n\t<a href=\"https:\/\/www.grupboix.com\/en\/construction-work-begins-on-the-new-clt-production-factory\/\" class=\"btn btn-primary\">More<\/a>\r\n\r\n<\/div>            <\/div>\n\n                    <\/div>\n\n      <\/div>\n      <div class=\"swiper-arrow-button swiper-button-prev swiper-button-prev-btn-primary\"><\/div>\n      <div class=\"swiper-arrow-button swiper-button-next swiper-button-next-btn-primary\"><\/div>\n    <\/div>  \n\n      <script type=\"text\/javascript\">\n        var ultimas_entradas = new Swiper('#ultimas-entradas', {\n          slidesPerView: 1,\n          spaceBetween: 30,\n          loop: true,\n          navigation: {\n            nextEl: '.swiper-button-next-btn-primary',\n            prevEl: '.swiper-button-prev-btn-primary',\n          },\n          breakpoints: {\n            767: {\n              slidesPerView: 2,\n              spaceBetween: 30,\n            },\n            991: {\n              slidesPerView: 2,\n              spaceBetween: 30,\n            },\n            1199: {\n              slidesPerView: 3,\n              spaceBetween: 30,\n            },\n          }\n        });\n      <\/script>\n\n    [\/vc_column_text][\/vc_column][\/vc_row]<\/p>\n<\/div>","protected":false},"excerpt":{"rendered":"<p>[vc_row el_class=&#8221;section-green section-home-img img-block-container section-home-first&#8221;][vc_column el_class=&#8221;container&#8221;][vc_row_inner][vc_column_inner width=&#8221;1\/2&#8243;][vc_column_text] Living in coexistence with our forests As the world transitions to new sustainable models, we are committed to a circular model to guarantee the environmental and economic protection of the land. [\/vc_column_text][\/vc_column_inner][vc_column_inner width=&#8221;1\/2&#8243;][vc_column_text] [\/vc_column_text][\/vc_column_inner][\/vc_row_inner][\/vc_column][\/vc_row][vc_row el_class=&#8221;section-green section-home-img img-block-container section-home-second&#8221;][vc_column el_class=&#8221;container&#8221;][vc_row_inner][vc_column_inner width=&#8221;1\/2&#8243;][vc_column_text] Forest Bioeconomy We apply innovation to new processes [&hellip;]<\/p>\n","protected":false},"author":3,"featured_media":0,"parent":0,"menu_order":0,"comment_status":"closed","ping_status":"closed","template":"template-home.php","meta":{"footnotes":""},"class_list":["post-550","page","type-page","status-publish","hentry"],"yoast_head":"<!-- This site is optimized with the Yoast SEO plugin v27.4 - https:\/\/yoast.com\/product\/yoast-seo-wordpress\/ -->\n<title>Grup Boix<\/title>\n<meta name=\"description\" content=\"Ensuring the protection, regeneration and survival of our forests as a means of improving their ability to adapt and maintain biodiversity.\" \/>\n<meta name=\"robots\" content=\"index, follow, max-snippet:-1, max-image-preview:large, max-video-preview:-1\" \/>\n<link rel=\"canonical\" href=\"https:\/\/www.grupboix.com\/en\/\" \/>\n<meta property=\"og:locale\" content=\"en_US\" \/>\n<meta property=\"og:type\" content=\"article\" \/>\n<meta property=\"og:title\" content=\"Grup Boix\" \/>\n<meta property=\"og:description\" content=\"Ensuring the protection, regeneration and survival of our forests as a means of improving their ability to adapt and maintain biodiversity.\" \/>\n<meta property=\"og:url\" content=\"https:\/\/www.grupboix.com\/en\/\" \/>\n<meta property=\"og:site_name\" content=\"Grup Boix\" \/>\n<meta property=\"article:publisher\" content=\"https:\/\/www.facebook.com\/serradoraboix\" \/>\n<meta property=\"article:modified_time\" content=\"2022-02-03T15:31:33+00:00\" \/>\n<meta property=\"og:image\" content=\"https:\/\/www.grupboix.com\/wp-content\/uploads\/2021\/11\/fb-share.png\" \/>\n\t<meta property=\"og:image:width\" content=\"1200\" \/>\n\t<meta property=\"og:image:height\" content=\"630\" \/>\n\t<meta property=\"og:image:type\" content=\"image\/png\" \/>\n<meta name=\"twitter:card\" content=\"summary_large_image\" \/>\n<meta name=\"twitter:site\" content=\"@serradoraboix\" \/>\n<meta name=\"twitter:label1\" content=\"Est. reading time\" \/>\n\t<meta name=\"twitter:data1\" content=\"1 minute\" \/>\n<script type=\"application\/ld+json\" class=\"yoast-schema-graph\">{\"@context\":\"https:\\\/\\\/schema.org\",\"@graph\":[{\"@type\":\"WebPage\",\"@id\":\"https:\\\/\\\/www.grupboix.com\\\/en\\\/\",\"url\":\"https:\\\/\\\/www.grupboix.com\\\/en\\\/\",\"name\":\"Grup Boix\",\"isPartOf\":{\"@id\":\"https:\\\/\\\/www.grupboix.com\\\/#website\"},\"datePublished\":\"2022-02-03T10:36:49+00:00\",\"dateModified\":\"2022-02-03T15:31:33+00:00\",\"description\":\"Ensuring the protection, regeneration and survival of our forests as a means of improving their ability to adapt and maintain biodiversity.\",\"inLanguage\":\"en-US\",\"potentialAction\":[{\"@type\":\"ReadAction\",\"target\":[\"https:\\\/\\\/www.grupboix.com\\\/en\\\/\"]}]},{\"@type\":\"WebSite\",\"@id\":\"https:\\\/\\\/www.grupboix.com\\\/#website\",\"url\":\"https:\\\/\\\/www.grupboix.com\\\/\",\"name\":\"Grup Boix\",\"description\":\"Fusta avui, bosc per sempre! Assegurar la protecci\u00f3, la regeneraci\u00f3 i la superviv\u00e8ncia dels boscos per millorar la seva capacitat d\u2019adaptaci\u00f3 i mantenir la biodiversitat\",\"potentialAction\":[{\"@type\":\"SearchAction\",\"target\":{\"@type\":\"EntryPoint\",\"urlTemplate\":\"https:\\\/\\\/www.grupboix.com\\\/?s={search_term_string}\"},\"query-input\":{\"@type\":\"PropertyValueSpecification\",\"valueRequired\":true,\"valueName\":\"search_term_string\"}}],\"inLanguage\":\"en-US\"}]}<\/script>\n<!-- \/ Yoast SEO plugin. -->","yoast_head_json":{"title":"Grup Boix","description":"Ensuring the protection, regeneration and survival of our forests as a means of improving their ability to adapt and maintain biodiversity.","robots":{"index":"index","follow":"follow","max-snippet":"max-snippet:-1","max-image-preview":"max-image-preview:large","max-video-preview":"max-video-preview:-1"},"canonical":"https:\/\/www.grupboix.com\/en\/","og_locale":"en_US","og_type":"article","og_title":"Grup Boix","og_description":"Ensuring the protection, regeneration and survival of our forests as a means of improving their ability to adapt and maintain biodiversity.","og_url":"https:\/\/www.grupboix.com\/en\/","og_site_name":"Grup Boix","article_publisher":"https:\/\/www.facebook.com\/serradoraboix","article_modified_time":"2022-02-03T15:31:33+00:00","og_image":[{"width":1200,"height":630,"url":"https:\/\/www.grupboix.com\/wp-content\/uploads\/2021\/11\/fb-share.png","type":"image\/png"}],"twitter_card":"summary_large_image","twitter_site":"@serradoraboix","twitter_misc":{"Est. reading time":"1 minute"},"schema":{"@context":"https:\/\/schema.org","@graph":[{"@type":"WebPage","@id":"https:\/\/www.grupboix.com\/en\/","url":"https:\/\/www.grupboix.com\/en\/","name":"Grup Boix","isPartOf":{"@id":"https:\/\/www.grupboix.com\/#website"},"datePublished":"2022-02-03T10:36:49+00:00","dateModified":"2022-02-03T15:31:33+00:00","description":"Ensuring the protection, regeneration and survival of our forests as a means of improving their ability to adapt and maintain biodiversity.","inLanguage":"en-US","potentialAction":[{"@type":"ReadAction","target":["https:\/\/www.grupboix.com\/en\/"]}]},{"@type":"WebSite","@id":"https:\/\/www.grupboix.com\/#website","url":"https:\/\/www.grupboix.com\/","name":"Grup Boix","description":"Fusta avui, bosc per sempre! Assegurar la protecci\u00f3, la regeneraci\u00f3 i la superviv\u00e8ncia dels boscos per millorar la seva capacitat d\u2019adaptaci\u00f3 i mantenir la biodiversitat","potentialAction":[{"@type":"SearchAction","target":{"@type":"EntryPoint","urlTemplate":"https:\/\/www.grupboix.com\/?s={search_term_string}"},"query-input":{"@type":"PropertyValueSpecification","valueRequired":true,"valueName":"search_term_string"}}],"inLanguage":"en-US"}]}},"_links":{"self":[{"href":"https:\/\/www.grupboix.com\/en\/wp-json\/wp\/v2\/pages\/550","targetHints":{"allow":["GET"]}}],"collection":[{"href":"https:\/\/www.grupboix.com\/en\/wp-json\/wp\/v2\/pages"}],"about":[{"href":"https:\/\/www.grupboix.com\/en\/wp-json\/wp\/v2\/types\/page"}],"author":[{"embeddable":true,"href":"https:\/\/www.grupboix.com\/en\/wp-json\/wp\/v2\/users\/3"}],"replies":[{"embeddable":true,"href":"https:\/\/www.grupboix.com\/en\/wp-json\/wp\/v2\/comments?post=550"}],"version-history":[{"count":9,"href":"https:\/\/www.grupboix.com\/en\/wp-json\/wp\/v2\/pages\/550\/revisions"}],"predecessor-version":[{"id":758,"href":"https:\/\/www.grupboix.com\/en\/wp-json\/wp\/v2\/pages\/550\/revisions\/758"}],"wp:attachment":[{"href":"https:\/\/www.grupboix.com\/en\/wp-json\/wp\/v2\/media?parent=550"}],"curies":[{"name":"wp","href":"https:\/\/api.w.org\/{rel}","templated":true}]}}