{"id":1915,"date":"2022-09-06T16:40:25","date_gmt":"2022-09-06T14:40:25","guid":{"rendered":"https:\/\/www.grupboix.com\/pla-igualtat\/"},"modified":"2024-07-10T09:10:52","modified_gmt":"2024-07-10T07:10:52","slug":"pla-igualtat","status":"publish","type":"page","link":"https:\/\/www.grupboix.com\/en\/pla-igualtat\/","title":{"rendered":"Responsible company"},"content":{"rendered":"<div class=\"wpb-content-wrapper\"><p>[vc_row el_class=&#8221;img-block-container section-imagen-left section-green&#8221;][vc_column el_class=&#8221;container&#8221;][vc_row_inner][vc_column_inner el_class=&#8221;columna-imagen&#8221; width=&#8221;1\/2&#8243;][vc_single_image image=&#8221;1793&#8243; img_size=&#8221;full&#8221;][\/vc_column_inner][vc_column_inner el_class=&#8221;col-historia&#8221; width=&#8221;1\/2&#8243;][vc_column_text]    <div class=\"section-title titulo-principal\">\n      <h2>  Grup Boix Equality Programme<\/h2>\n          <\/div>\n<p>According to the definition of the principle established by Organic Law 3\/2007, of 22 March, for effective equality between women and men, modified by Royal Decree 6\/2019, of 1 March, on urgent measures to guarantee equal treatment and opportunities between men and women at work, Grup Boix has drawn up this equality plan to guarantee equal treatment between the company&#8217;s employees.<\/p>\n<p>&nbsp;<\/p>\n<p>\u21aa <a href=\"https:\/\/www.grupboix.com\/wp-content\/uploads\/2022\/09\/comunicat-oficial-pla-igualtat.pdf\" target=\"_blank\" rel=\"noopener\">\u00a0Grup Boix Equality Programme [PDF, 132 kB]<\/a>[\/vc_column_text][\/vc_column_inner][\/vc_row_inner][\/vc_column][\/vc_row][vc_row el_class=&#8221;img-block-container section-imagen-left section-green&#8221;][vc_column el_class=&#8221;container&#8221;][vc_row_inner][vc_column_inner el_class=&#8221;col-historia&#8221; width=&#8221;1\/2&#8243;][vc_column_text css=&#8221;&#8221;]    <div class=\"section-title titulo-principal\">\n      <h2>  Integrated System Policy <\/h2>\n          <\/div>\n<p>Grup Boix aims to contribute to the prevention and care of the environment by managing the activity of sawing wood and producing pallets with the highest quality.<\/p>\n<p>&nbsp;<\/p>\n<p>\u21aa <a href=\"https:\/\/www.grupboix.com\/wp-content\/uploads\/2024\/07\/politica-de-sistema-integrat_grup-boix.png\">Integrated System Policy<\/a>[\/vc_column_text][\/vc_column_inner][vc_column_inner width=&#8221;1\/2&#8243;][vc_single_image image=&#8221;1790&#8243; img_size=&#8221;full&#8221;][\/vc_column_inner][\/vc_row_inner][\/vc_column][\/vc_row][vc_row el_class=&#8221;img-block-container section-imagen-left section-green&#8221;][vc_column el_class=&#8221;container&#8221;][vc_row_inner][vc_column_inner el_class=&#8221;col-historia&#8221; width=&#8221;1\/2&#8243;][vc_single_image image=&#8221;2273&#8243; img_size=&#8221;full&#8221; onclick=&#8221;custom_link&#8221; link=&#8221;https:\/\/www.fundacioimpulsa.org\/&#8221;][\/vc_column_inner][vc_column_inner width=&#8221;1\/2&#8243;][vc_column_text]    <div class=\"section-title titulo-principal\">\n      <h2>  Company committed to youth opportunities <\/h2>\n          <\/div>\n<p>Grup Boix receives the Fundaci\u00f3 Impulsa seal, which distinguishes the company as an organisation committed to youth opportunities.<\/p>\n<p>&nbsp;<\/p>\n<p>[\/vc_column_text][\/vc_column_inner][\/vc_row_inner][\/vc_column][\/vc_row][vc_row el_class=&#8221;img-block-container section-imagen-left section-green&#8221;][vc_column el_class=&#8221;container&#8221;][vc_row_inner][vc_column_inner width=&#8221;1\/2&#8243;][vc_column_text]    <div class=\"section-title titulo-principal\">\n      <h2>  Ethic Channel<\/h2>\n          <\/div>\n<p>Grup Boix provides an ethical channel aimed at employees, customers, suppliers and other persons linked to the company, to declare indications or reasonable suspicions of non-compliance with the specific regulations of Law 2\/2023, of 20 February, regulating the protection of persons who report breaches of regulations and the fight against corruption.<\/p>\n<p>\u21aa \u00a0<a href=\"https:\/\/web.ommnio.com\/secure#\/7bd7bea4-b4ca-4c84-bcfb-420ca5567d58\">https:\/\/web.ommnio.com\/secure#\/7bd7bea4-b4ca-4c84-bcfb-420ca5567d58<\/a>[\/vc_column_text][\/vc_column_inner][vc_column_inner width=&#8221;1\/2&#8243;][vc_single_image image=&#8221;1645&#8243; img_size=&#8221;full&#8221;][\/vc_column_inner][\/vc_row_inner][\/vc_column][\/vc_row]<\/p>\n<\/div>","protected":false},"excerpt":{"rendered":"<p>[vc_row el_class=&#8221;img-block-container section-imagen-left section-green&#8221;][vc_column el_class=&#8221;container&#8221;][vc_row_inner][vc_column_inner el_class=&#8221;columna-imagen&#8221; width=&#8221;1\/2&#8243;][vc_single_image image=&#8221;1793&#8243; img_size=&#8221;full&#8221;][\/vc_column_inner][vc_column_inner el_class=&#8221;col-historia&#8221; width=&#8221;1\/2&#8243;][vc_column_text] According to the definition of the principle established by Organic Law 3\/2007, of 22 March, for effective equality between women and men, modified by Royal Decree 6\/2019, of 1 March, on urgent measures to guarantee equal treatment and opportunities between men and women at [&hellip;]<\/p>\n","protected":false},"author":3,"featured_media":0,"parent":0,"menu_order":0,"comment_status":"closed","ping_status":"closed","template":"","meta":{"footnotes":""},"class_list":["post-1915","page","type-page","status-publish","hentry"],"yoast_head":"<!-- This site is optimized with the Yoast SEO plugin v27.3 - https:\/\/yoast.com\/product\/yoast-seo-wordpress\/ -->\n<title>Responsible company - Grup Boix<\/title>\n<meta name=\"description\" content=\"Ensuring equal treatment between the sexes and representing the social objective are active measures of Grup Boix.\" \/>\n<meta name=\"robots\" content=\"index, follow, max-snippet:-1, max-image-preview:large, max-video-preview:-1\" \/>\n<link rel=\"canonical\" href=\"https:\/\/www.grupboix.com\/en\/pla-igualtat\/\" \/>\n<meta property=\"og:locale\" content=\"en_US\" \/>\n<meta property=\"og:type\" content=\"article\" \/>\n<meta property=\"og:title\" content=\"Empresa responsable\" \/>\n<meta property=\"og:description\" content=\"Garantir la igualtat de tracte entre sexes i representar l&#039;objectiu social s\u00f3n mesures actives de Grup Boix.\" \/>\n<meta property=\"og:url\" content=\"https:\/\/www.grupboix.com\/en\/pla-igualtat\/\" \/>\n<meta property=\"og:site_name\" content=\"Grup Boix\" \/>\n<meta property=\"article:publisher\" content=\"https:\/\/www.facebook.com\/serradoraboix\" \/>\n<meta property=\"article:modified_time\" content=\"2024-07-10T07:10:52+00:00\" \/>\n<meta property=\"og:image\" content=\"https:\/\/www.grupboix.com\/wp-content\/uploads\/2022\/11\/014_50-e1667995089642.jpeg\" \/>\n\t<meta property=\"og:image:width\" content=\"1704\" \/>\n\t<meta property=\"og:image:height\" content=\"960\" \/>\n\t<meta property=\"og:image:type\" content=\"image\/jpeg\" \/>\n<meta name=\"twitter:card\" content=\"summary_large_image\" \/>\n<meta name=\"twitter:title\" content=\"Empresa responsable\" \/>\n<meta name=\"twitter:description\" content=\"Garantir la igualtat de tracte entre sexes i representar l&#039;objectiu social s\u00f3n mesures actives de Grup Boix.\" \/>\n<meta name=\"twitter:image\" content=\"https:\/\/www.grupboix.com\/wp-content\/uploads\/2022\/11\/014_50-e1667995089642.jpeg\" \/>\n<meta name=\"twitter:site\" content=\"@serradoraboix\" \/>\n<meta name=\"twitter:label1\" content=\"Est. reading time\" \/>\n\t<meta name=\"twitter:data1\" content=\"3 minutes\" \/>\n<script type=\"application\/ld+json\" class=\"yoast-schema-graph\">{\"@context\":\"https:\\\/\\\/schema.org\",\"@graph\":[{\"@type\":\"WebPage\",\"@id\":\"https:\\\/\\\/www.grupboix.com\\\/en\\\/pla-igualtat\\\/\",\"url\":\"https:\\\/\\\/www.grupboix.com\\\/en\\\/pla-igualtat\\\/\",\"name\":\"Responsible company - Grup Boix\",\"isPartOf\":{\"@id\":\"https:\\\/\\\/www.grupboix.com\\\/#website\"},\"datePublished\":\"2022-09-06T14:40:25+00:00\",\"dateModified\":\"2024-07-10T07:10:52+00:00\",\"description\":\"Ensuring equal treatment between the sexes and representing the social objective are active measures of Grup Boix.\",\"inLanguage\":\"en-US\",\"potentialAction\":[{\"@type\":\"ReadAction\",\"target\":[\"https:\\\/\\\/www.grupboix.com\\\/en\\\/pla-igualtat\\\/\"]}]},{\"@type\":\"WebSite\",\"@id\":\"https:\\\/\\\/www.grupboix.com\\\/#website\",\"url\":\"https:\\\/\\\/www.grupboix.com\\\/\",\"name\":\"Grup Boix\",\"description\":\"Fusta avui, bosc per sempre! Assegurar la protecci\u00f3, la regeneraci\u00f3 i la superviv\u00e8ncia dels boscos per millorar la seva capacitat d\u2019adaptaci\u00f3 i mantenir la biodiversitat\",\"potentialAction\":[{\"@type\":\"SearchAction\",\"target\":{\"@type\":\"EntryPoint\",\"urlTemplate\":\"https:\\\/\\\/www.grupboix.com\\\/?s={search_term_string}\"},\"query-input\":{\"@type\":\"PropertyValueSpecification\",\"valueRequired\":true,\"valueName\":\"search_term_string\"}}],\"inLanguage\":\"en-US\"}]}<\/script>\n<!-- \/ Yoast SEO plugin. -->","yoast_head_json":{"title":"Responsible company - Grup Boix","description":"Ensuring equal treatment between the sexes and representing the social objective are active measures of Grup Boix.","robots":{"index":"index","follow":"follow","max-snippet":"max-snippet:-1","max-image-preview":"max-image-preview:large","max-video-preview":"max-video-preview:-1"},"canonical":"https:\/\/www.grupboix.com\/en\/pla-igualtat\/","og_locale":"en_US","og_type":"article","og_title":"Empresa responsable","og_description":"Garantir la igualtat de tracte entre sexes i representar l'objectiu social s\u00f3n mesures actives de Grup Boix.","og_url":"https:\/\/www.grupboix.com\/en\/pla-igualtat\/","og_site_name":"Grup Boix","article_publisher":"https:\/\/www.facebook.com\/serradoraboix","article_modified_time":"2024-07-10T07:10:52+00:00","og_image":[{"width":1704,"height":960,"url":"https:\/\/www.grupboix.com\/wp-content\/uploads\/2022\/11\/014_50-e1667995089642.jpeg","type":"image\/jpeg"}],"twitter_card":"summary_large_image","twitter_title":"Empresa responsable","twitter_description":"Garantir la igualtat de tracte entre sexes i representar l'objectiu social s\u00f3n mesures actives de Grup Boix.","twitter_image":"https:\/\/www.grupboix.com\/wp-content\/uploads\/2022\/11\/014_50-e1667995089642.jpeg","twitter_site":"@serradoraboix","twitter_misc":{"Est. reading time":"3 minutes"},"schema":{"@context":"https:\/\/schema.org","@graph":[{"@type":"WebPage","@id":"https:\/\/www.grupboix.com\/en\/pla-igualtat\/","url":"https:\/\/www.grupboix.com\/en\/pla-igualtat\/","name":"Responsible company - Grup Boix","isPartOf":{"@id":"https:\/\/www.grupboix.com\/#website"},"datePublished":"2022-09-06T14:40:25+00:00","dateModified":"2024-07-10T07:10:52+00:00","description":"Ensuring equal treatment between the sexes and representing the social objective are active measures of Grup Boix.","inLanguage":"en-US","potentialAction":[{"@type":"ReadAction","target":["https:\/\/www.grupboix.com\/en\/pla-igualtat\/"]}]},{"@type":"WebSite","@id":"https:\/\/www.grupboix.com\/#website","url":"https:\/\/www.grupboix.com\/","name":"Grup Boix","description":"Fusta avui, bosc per sempre! Assegurar la protecci\u00f3, la regeneraci\u00f3 i la superviv\u00e8ncia dels boscos per millorar la seva capacitat d\u2019adaptaci\u00f3 i mantenir la biodiversitat","potentialAction":[{"@type":"SearchAction","target":{"@type":"EntryPoint","urlTemplate":"https:\/\/www.grupboix.com\/?s={search_term_string}"},"query-input":{"@type":"PropertyValueSpecification","valueRequired":true,"valueName":"search_term_string"}}],"inLanguage":"en-US"}]}},"_links":{"self":[{"href":"https:\/\/www.grupboix.com\/en\/wp-json\/wp\/v2\/pages\/1915","targetHints":{"allow":["GET"]}}],"collection":[{"href":"https:\/\/www.grupboix.com\/en\/wp-json\/wp\/v2\/pages"}],"about":[{"href":"https:\/\/www.grupboix.com\/en\/wp-json\/wp\/v2\/types\/page"}],"author":[{"embeddable":true,"href":"https:\/\/www.grupboix.com\/en\/wp-json\/wp\/v2\/users\/3"}],"replies":[{"embeddable":true,"href":"https:\/\/www.grupboix.com\/en\/wp-json\/wp\/v2\/comments?post=1915"}],"version-history":[{"count":9,"href":"https:\/\/www.grupboix.com\/en\/wp-json\/wp\/v2\/pages\/1915\/revisions"}],"predecessor-version":[{"id":2556,"href":"https:\/\/www.grupboix.com\/en\/wp-json\/wp\/v2\/pages\/1915\/revisions\/2556"}],"wp:attachment":[{"href":"https:\/\/www.grupboix.com\/en\/wp-json\/wp\/v2\/media?parent=1915"}],"curies":[{"name":"wp","href":"https:\/\/api.w.org\/{rel}","templated":true}]}}